{"id":188,"date":"2021-07-29T08:41:58","date_gmt":"2021-07-29T08:41:58","guid":{"rendered":"http:\/\/trendig.info\/?page_id=188"},"modified":"2024-09-27T07:53:57","modified_gmt":"2024-09-27T07:53:57","slug":"ueber-uns","status":"publish","type":"page","link":"https:\/\/trendig.info\/de\/ueber-uns\/","title":{"rendered":"\u00dcber uns"},"content":{"rendered":"<p>F\u00fcr Kleinst- und Kleinunternehmen stellt die Digitalisierung eine gro\u00dfe Herausforderung dar, die sich auf ihre Gesch\u00e4ftsmodelle und ihre Entwicklung in allen Bereichen auswirkt. Im Gegensatz zu gr\u00f6\u00dferen Unternehmen ist es f\u00fcr kleine Unternehmen schwieriger, auf die ben\u00f6tigten Informationen zuzugreifen und intelligente Anwendungen und Systeme an ihre spezifischen Merkmale anzupassen. Unsere Mission ist es, die Chancen der digitalen Welt f\u00fcr Jungunternehmer, Start-ups und Kleinbetriebe mit ma\u00dfgeschneiderten L\u00f6sungen zu nutzen!<\/p>\n<p>Die \u00f6sterreichisch-ungarische Partnerschaft Trendig Plus baut auf den Erfahrungen und Ergebnissen des Vorg\u00e4ngerprojekts Trendig 2021-2022 (ATHU158) auf, um weitere Partnerschaften zwischen Institutionen, Anbietern digitaler L\u00f6sungen und dem Unternehmenssektor auf beiden Seiten der Grenze aufzubauen. Die aktuelle Projektkooperation besteht aus vier Organisationen unter der Leitung des Vas V\u00e1rmegyei \u00d6nkorm\u00e1nyzati Hivatal, die durch acht strategische Partner erg\u00e4nzt werden. Weitere Informationen finden Sie unter Partnerschaft und Trendig 2021-2022.<\/p>\n","protected":false},"excerpt":{"rendered":"<p>F\u00fcr Kleinst- und Kleinunternehmen stellt die Digitalisierung eine gro\u00dfe Herausforderung dar, die sich auf ihre Gesch\u00e4ftsmodelle und ihre Entwicklung in allen Bereichen auswirkt. Im Gegensatz zu gr\u00f6\u00dferen Unternehmen ist es f\u00fcr kleine Unternehmen schwieriger, auf die ben\u00f6tigten Informationen zuzugreifen und intelligente Anwendungen und Systeme an ihre spezifischen Merkmale anzupassen. Unsere Mission ist es, die Chancen [&hellip;]<\/p>\n","protected":false},"author":1,"featured_media":0,"parent":0,"menu_order":0,"comment_status":"closed","ping_status":"closed","template":"","meta":{"inline_featured_image":false,"footnotes":""},"class_list":["post-188","page","type-page","status-publish","hentry"],"yoast_head":"<!-- This site is optimized with the Yoast SEO plugin v23.5 - https:\/\/yoast.com\/wordpress\/plugins\/seo\/ -->\n<title>\u00dcber uns - Trendig<\/title>\n<meta name=\"robots\" content=\"index, follow, max-snippet:-1, max-image-preview:large, max-video-preview:-1\" \/>\n<link rel=\"canonical\" href=\"https:\/\/trendig.info\/de\/ueber-uns\/\" \/>\n<meta property=\"og:locale\" content=\"de_DE\" \/>\n<meta property=\"og:type\" content=\"article\" \/>\n<meta property=\"og:title\" content=\"\u00dcber uns - Trendig\" \/>\n<meta property=\"og:description\" content=\"F\u00fcr Kleinst- und Kleinunternehmen stellt die Digitalisierung eine gro\u00dfe Herausforderung dar, die sich auf ihre Gesch\u00e4ftsmodelle und ihre Entwicklung in allen Bereichen auswirkt. Im Gegensatz zu gr\u00f6\u00dferen Unternehmen ist es f\u00fcr kleine Unternehmen schwieriger, auf die ben\u00f6tigten Informationen zuzugreifen und intelligente Anwendungen und Systeme an ihre spezifischen Merkmale anzupassen. Unsere Mission ist es, die Chancen [&hellip;]\" \/>\n<meta property=\"og:url\" content=\"https:\/\/trendig.info\/de\/ueber-uns\/\" \/>\n<meta property=\"og:site_name\" content=\"Trendig\" \/>\n<meta property=\"article:modified_time\" content=\"2024-09-27T07:53:57+00:00\" \/>\n<meta name=\"twitter:card\" content=\"summary_large_image\" \/>\n<meta name=\"twitter:label1\" content=\"Gesch\u00e4tzte Lesezeit\" \/>\n\t<meta name=\"twitter:data1\" content=\"1\u00a0Minute\" \/>\n<script type=\"application\/ld+json\" class=\"yoast-schema-graph\">{\"@context\":\"https:\/\/schema.org\",\"@graph\":[{\"@type\":\"WebPage\",\"@id\":\"https:\/\/trendig.info\/de\/ueber-uns\/\",\"url\":\"https:\/\/trendig.info\/de\/ueber-uns\/\",\"name\":\"\u00dcber uns - Trendig\",\"isPartOf\":{\"@id\":\"https:\/\/trendig.info\/de\/#website\"},\"datePublished\":\"2021-07-29T08:41:58+00:00\",\"dateModified\":\"2024-09-27T07:53:57+00:00\",\"breadcrumb\":{\"@id\":\"https:\/\/trendig.info\/de\/ueber-uns\/#breadcrumb\"},\"inLanguage\":\"de\",\"potentialAction\":[{\"@type\":\"ReadAction\",\"target\":[\"https:\/\/trendig.info\/de\/ueber-uns\/\"]}]},{\"@type\":\"BreadcrumbList\",\"@id\":\"https:\/\/trendig.info\/de\/ueber-uns\/#breadcrumb\",\"itemListElement\":[{\"@type\":\"ListItem\",\"position\":1,\"name\":\"Startseite\",\"item\":\"https:\/\/trendig.info\/de\/\"},{\"@type\":\"ListItem\",\"position\":2,\"name\":\"\u00dcber uns\"}]},{\"@type\":\"WebSite\",\"@id\":\"https:\/\/trendig.info\/de\/#website\",\"url\":\"https:\/\/trendig.info\/de\/\",\"name\":\"Trendig\",\"description\":\"Just another WordPress site\",\"potentialAction\":[{\"@type\":\"SearchAction\",\"target\":{\"@type\":\"EntryPoint\",\"urlTemplate\":\"https:\/\/trendig.info\/de\/?s={search_term_string}\"},\"query-input\":{\"@type\":\"PropertyValueSpecification\",\"valueRequired\":true,\"valueName\":\"search_term_string\"}}],\"inLanguage\":\"de\"}]}<\/script>\n<!-- \/ Yoast SEO plugin. -->","yoast_head_json":{"title":"\u00dcber uns - Trendig","robots":{"index":"index","follow":"follow","max-snippet":"max-snippet:-1","max-image-preview":"max-image-preview:large","max-video-preview":"max-video-preview:-1"},"canonical":"https:\/\/trendig.info\/de\/ueber-uns\/","og_locale":"de_DE","og_type":"article","og_title":"\u00dcber uns - Trendig","og_description":"F\u00fcr Kleinst- und Kleinunternehmen stellt die Digitalisierung eine gro\u00dfe Herausforderung dar, die sich auf ihre Gesch\u00e4ftsmodelle und ihre Entwicklung in allen Bereichen auswirkt. Im Gegensatz zu gr\u00f6\u00dferen Unternehmen ist es f\u00fcr kleine Unternehmen schwieriger, auf die ben\u00f6tigten Informationen zuzugreifen und intelligente Anwendungen und Systeme an ihre spezifischen Merkmale anzupassen. Unsere Mission ist es, die Chancen [&hellip;]","og_url":"https:\/\/trendig.info\/de\/ueber-uns\/","og_site_name":"Trendig","article_modified_time":"2024-09-27T07:53:57+00:00","twitter_card":"summary_large_image","twitter_misc":{"Gesch\u00e4tzte Lesezeit":"1\u00a0Minute"},"schema":{"@context":"https:\/\/schema.org","@graph":[{"@type":"WebPage","@id":"https:\/\/trendig.info\/de\/ueber-uns\/","url":"https:\/\/trendig.info\/de\/ueber-uns\/","name":"\u00dcber uns - Trendig","isPartOf":{"@id":"https:\/\/trendig.info\/de\/#website"},"datePublished":"2021-07-29T08:41:58+00:00","dateModified":"2024-09-27T07:53:57+00:00","breadcrumb":{"@id":"https:\/\/trendig.info\/de\/ueber-uns\/#breadcrumb"},"inLanguage":"de","potentialAction":[{"@type":"ReadAction","target":["https:\/\/trendig.info\/de\/ueber-uns\/"]}]},{"@type":"BreadcrumbList","@id":"https:\/\/trendig.info\/de\/ueber-uns\/#breadcrumb","itemListElement":[{"@type":"ListItem","position":1,"name":"Startseite","item":"https:\/\/trendig.info\/de\/"},{"@type":"ListItem","position":2,"name":"\u00dcber uns"}]},{"@type":"WebSite","@id":"https:\/\/trendig.info\/de\/#website","url":"https:\/\/trendig.info\/de\/","name":"Trendig","description":"Just another WordPress site","potentialAction":[{"@type":"SearchAction","target":{"@type":"EntryPoint","urlTemplate":"https:\/\/trendig.info\/de\/?s={search_term_string}"},"query-input":{"@type":"PropertyValueSpecification","valueRequired":true,"valueName":"search_term_string"}}],"inLanguage":"de"}]}},"_links":{"self":[{"href":"https:\/\/trendig.info\/de\/wp-json\/wp\/v2\/pages\/188","targetHints":{"allow":["GET"]}}],"collection":[{"href":"https:\/\/trendig.info\/de\/wp-json\/wp\/v2\/pages"}],"about":[{"href":"https:\/\/trendig.info\/de\/wp-json\/wp\/v2\/types\/page"}],"author":[{"embeddable":true,"href":"https:\/\/trendig.info\/de\/wp-json\/wp\/v2\/users\/1"}],"replies":[{"embeddable":true,"href":"https:\/\/trendig.info\/de\/wp-json\/wp\/v2\/comments?post=188"}],"version-history":[{"count":17,"href":"https:\/\/trendig.info\/de\/wp-json\/wp\/v2\/pages\/188\/revisions"}],"predecessor-version":[{"id":4171,"href":"https:\/\/trendig.info\/de\/wp-json\/wp\/v2\/pages\/188\/revisions\/4171"}],"wp:attachment":[{"href":"https:\/\/trendig.info\/de\/wp-json\/wp\/v2\/media?parent=188"}],"curies":[{"name":"wp","href":"https:\/\/api.w.org\/{rel}","templated":true}]}}