{"id":190,"date":"2021-07-29T08:42:09","date_gmt":"2021-07-29T08:42:09","guid":{"rendered":"http:\/\/trendig.info\/?page_id=190"},"modified":"2025-10-13T11:28:40","modified_gmt":"2025-10-13T11:28:40","slug":"trendig","status":"publish","type":"page","link":"https:\/\/trendig.info\/de\/trendig\/","title":{"rendered":"Trendig Plus"},"content":{"rendered":"<h3 class=\"is-large\"><span style=\"color: #eb675a;\"><strong><span style=\"color: #eb675a;\">Das Projekt<\/span> <span style=\"color: #eb675a;\">Trendig Plus<\/span><\/strong><\/span><\/h3>\n<p>Das Projekt Trendig Plus wurde ins Leben gerufen, um Wirtschaftsakteure in der Grenzregion AT-HU bei der F\u00f6rderung der digitalen Transformation und der intelligenten Spezialisierung zu unterst\u00fctzen, insbesondere bei kleinen Unternehmen, Start-ups und unternehmerisch denkenden Studenten. Das Projekt soll diesen Zielgruppen helfen, das Potenzial der Digitalisierung zu nutzen, um ihre Wettbewerbsf\u00e4higkeit auf dem internationalen Markt zu steigern.<\/p>\n<p>Die Hauptziele des neuen Projekts sind:<\/p>\n<ul>\n<li>Die Sensibilisierung von kleinen und mittleren Unternehmen (KMU), Start-ups und Studenten f\u00fcr die Digitalisierung.<\/li>\n<li>Vermittlung von Kenntnissen und Instrumenten, die f\u00fcr die Umsetzung der digitalen Transformation und der intelligenten Spezialisierung in der Praxis erforderlich sind.<\/li>\n<li>Unterst\u00fctzung der grenz\u00fcberschreitenden Vernetzung und des Wissenstransfers, die zu einer langfristigen Zusammenarbeit zwischen Wirtschaftsakteuren in der Region f\u00fchren.<\/li>\n<\/ul>\n<p>Im Rahmen des Projekts werden mit Hilfe von geschulten Multiplikatoren und Digitalexperten ma\u00dfgeschneiderte Tool-Kits f\u00fcr die drei Hauptzielgruppen (kleine Unternehmen, Start-ups und Studierende und deren Lehrkr\u00e4fte) erstellt, die praktische L\u00f6sungen und Wissen f\u00fcr die digitale Transformation bereitstellen sollen.<\/p>\n<p>Trendig Plus ist eine Fortsetzung des Vorg\u00e4ngerprojekts Trendig (ATHU158), das erfolgreich ein grenz\u00fcberschreitendes Kooperationsnetzwerk im Bereich der Digitalisierung geschaffen hat. Trendig Plus baut auf dieser bestehenden Basis auf und entwickelt die Integration von Digitalisierung und intelligenter Spezialisierung unter den Wirtschaftsakteuren in der Region weiter. Das neue Projekt wird die bisherigen Errungenschaften ausbauen und dabei neue technologische Trends wie k\u00fcnstliche Intelligenz und Cybersicherheit ber\u00fccksichtigen, um so eine wettbewerbsf\u00e4higere und nachhaltigere Zukunft f\u00fcr die Teilnehmer zu gew\u00e4hrleisten.<\/p>\n<h3><span style=\"color: #eb675a;\">Projektinformationen<\/span><\/h3>\n<p>Projekttitel: \u00a0 \u00a0 \u00a0 \u00a0 \u00a0 \u00a0 \u00a0 \u00a0 \u00a0 \u00a0\u00a0 \u00a0 \u00a0 \u00a0 \u00a0 \u00a0 \u00a0 \u00a0 \u00a0 \u00a0 \u00a0 \u00a0 \u00a0 \u00a0 \u00a0 TRENDIG PLUS &#8211; \u00d6sterreichisch-ungarische Zusammenarbeit und Wissenstransfer zur Erleichterung der digitalen Transformation und der intelligenten Spezialisierung der Wirtschaft in kleinen Unternehmen<\/p>\n<p>F\u00f6rderungsprogramm:\u00a0 \u00a0 \u00a0 \u00a0 \u00a0 \u00a0 \u00a0 \u00a0 \u00a0 \u00a0 \u00a0 \u00a0 \u00a0 \u00a0 \u00a0 Interreg VI-A \u00d6sterreich-Ungarn<\/p>\n<p>Projektlaufzeit:\u00a0 \u00a0 \u00a0 \u00a0 \u00a0 \u00a0 \u00a0 \u00a0 \u00a0 \u00a0 \u00a0 \u00a0 \u00a0 \u00a0 \u00a0 \u00a0 \u00a0 \u00a0 \u00a0 \u00a0 \u00a0 \u00a0 01.05.2024 \u2013 31.10.2026<\/p>\n<p>Projektbudget:\u00a0 \u00a0 \u00a0 \u00a0 \u00a0 \u00a0 \u00a0 \u00a0 \u00a0 \u00a0 \u00a0 \u00a0 \u00a0 \u00a0 \u00a0 \u00a0 \u00a0 \u00a0 \u00a0 \u00a0 \u00a0 \u00a0 \u00a0620.508 EUR<\/p>\n<p>Gesamt EFRE Mittel f\u00fcr das Projekt:\u00a0 \u00a0 \u00a0 \u00a0 435.674\u00a0EUR<\/p>\n<p>&nbsp;<\/p>\n","protected":false},"excerpt":{"rendered":"<p>Das Projekt Trendig Plus Das Projekt Trendig Plus wurde ins Leben gerufen, um Wirtschaftsakteure in der Grenzregion AT-HU bei der F\u00f6rderung der digitalen Transformation und der intelligenten Spezialisierung zu unterst\u00fctzen, insbesondere bei kleinen Unternehmen, Start-ups und unternehmerisch denkenden Studenten. Das Projekt soll diesen Zielgruppen helfen, das Potenzial der Digitalisierung zu nutzen, um ihre Wettbewerbsf\u00e4higkeit auf [&hellip;]<\/p>\n","protected":false},"author":1,"featured_media":0,"parent":0,"menu_order":0,"comment_status":"closed","ping_status":"closed","template":"","meta":{"inline_featured_image":false,"footnotes":""},"class_list":["post-190","page","type-page","status-publish","hentry"],"yoast_head":"<!-- This site is optimized with the Yoast SEO plugin v23.5 - https:\/\/yoast.com\/wordpress\/plugins\/seo\/ -->\n<title>Trendig Plus - Trendig<\/title>\n<meta name=\"robots\" content=\"index, follow, max-snippet:-1, max-image-preview:large, max-video-preview:-1\" \/>\n<link rel=\"canonical\" href=\"https:\/\/trendig.info\/de\/trendig\/\" \/>\n<meta property=\"og:locale\" content=\"de_DE\" \/>\n<meta property=\"og:type\" content=\"article\" \/>\n<meta property=\"og:title\" content=\"Trendig Plus - Trendig\" \/>\n<meta property=\"og:description\" content=\"Das Projekt Trendig Plus Das Projekt Trendig Plus wurde ins Leben gerufen, um Wirtschaftsakteure in der Grenzregion AT-HU bei der F\u00f6rderung der digitalen Transformation und der intelligenten Spezialisierung zu unterst\u00fctzen, insbesondere bei kleinen Unternehmen, Start-ups und unternehmerisch denkenden Studenten. Das Projekt soll diesen Zielgruppen helfen, das Potenzial der Digitalisierung zu nutzen, um ihre Wettbewerbsf\u00e4higkeit auf [&hellip;]\" \/>\n<meta property=\"og:url\" content=\"https:\/\/trendig.info\/de\/trendig\/\" \/>\n<meta property=\"og:site_name\" content=\"Trendig\" \/>\n<meta property=\"article:modified_time\" content=\"2025-10-13T11:28:40+00:00\" \/>\n<meta name=\"twitter:card\" content=\"summary_large_image\" \/>\n<meta name=\"twitter:label1\" content=\"Gesch\u00e4tzte Lesezeit\" \/>\n\t<meta name=\"twitter:data1\" content=\"2\u00a0Minuten\" \/>\n<script type=\"application\/ld+json\" class=\"yoast-schema-graph\">{\"@context\":\"https:\/\/schema.org\",\"@graph\":[{\"@type\":\"WebPage\",\"@id\":\"https:\/\/trendig.info\/de\/trendig\/\",\"url\":\"https:\/\/trendig.info\/de\/trendig\/\",\"name\":\"Trendig Plus - Trendig\",\"isPartOf\":{\"@id\":\"https:\/\/trendig.info\/de\/#website\"},\"datePublished\":\"2021-07-29T08:42:09+00:00\",\"dateModified\":\"2025-10-13T11:28:40+00:00\",\"breadcrumb\":{\"@id\":\"https:\/\/trendig.info\/de\/trendig\/#breadcrumb\"},\"inLanguage\":\"de\",\"potentialAction\":[{\"@type\":\"ReadAction\",\"target\":[\"https:\/\/trendig.info\/de\/trendig\/\"]}]},{\"@type\":\"BreadcrumbList\",\"@id\":\"https:\/\/trendig.info\/de\/trendig\/#breadcrumb\",\"itemListElement\":[{\"@type\":\"ListItem\",\"position\":1,\"name\":\"Startseite\",\"item\":\"https:\/\/trendig.info\/de\/\"},{\"@type\":\"ListItem\",\"position\":2,\"name\":\"Trendig Plus\"}]},{\"@type\":\"WebSite\",\"@id\":\"https:\/\/trendig.info\/de\/#website\",\"url\":\"https:\/\/trendig.info\/de\/\",\"name\":\"Trendig\",\"description\":\"Just another WordPress site\",\"potentialAction\":[{\"@type\":\"SearchAction\",\"target\":{\"@type\":\"EntryPoint\",\"urlTemplate\":\"https:\/\/trendig.info\/de\/?s={search_term_string}\"},\"query-input\":{\"@type\":\"PropertyValueSpecification\",\"valueRequired\":true,\"valueName\":\"search_term_string\"}}],\"inLanguage\":\"de\"}]}<\/script>\n<!-- \/ Yoast SEO plugin. -->","yoast_head_json":{"title":"Trendig Plus - Trendig","robots":{"index":"index","follow":"follow","max-snippet":"max-snippet:-1","max-image-preview":"max-image-preview:large","max-video-preview":"max-video-preview:-1"},"canonical":"https:\/\/trendig.info\/de\/trendig\/","og_locale":"de_DE","og_type":"article","og_title":"Trendig Plus - Trendig","og_description":"Das Projekt Trendig Plus Das Projekt Trendig Plus wurde ins Leben gerufen, um Wirtschaftsakteure in der Grenzregion AT-HU bei der F\u00f6rderung der digitalen Transformation und der intelligenten Spezialisierung zu unterst\u00fctzen, insbesondere bei kleinen Unternehmen, Start-ups und unternehmerisch denkenden Studenten. Das Projekt soll diesen Zielgruppen helfen, das Potenzial der Digitalisierung zu nutzen, um ihre Wettbewerbsf\u00e4higkeit auf [&hellip;]","og_url":"https:\/\/trendig.info\/de\/trendig\/","og_site_name":"Trendig","article_modified_time":"2025-10-13T11:28:40+00:00","twitter_card":"summary_large_image","twitter_misc":{"Gesch\u00e4tzte Lesezeit":"2\u00a0Minuten"},"schema":{"@context":"https:\/\/schema.org","@graph":[{"@type":"WebPage","@id":"https:\/\/trendig.info\/de\/trendig\/","url":"https:\/\/trendig.info\/de\/trendig\/","name":"Trendig Plus - Trendig","isPartOf":{"@id":"https:\/\/trendig.info\/de\/#website"},"datePublished":"2021-07-29T08:42:09+00:00","dateModified":"2025-10-13T11:28:40+00:00","breadcrumb":{"@id":"https:\/\/trendig.info\/de\/trendig\/#breadcrumb"},"inLanguage":"de","potentialAction":[{"@type":"ReadAction","target":["https:\/\/trendig.info\/de\/trendig\/"]}]},{"@type":"BreadcrumbList","@id":"https:\/\/trendig.info\/de\/trendig\/#breadcrumb","itemListElement":[{"@type":"ListItem","position":1,"name":"Startseite","item":"https:\/\/trendig.info\/de\/"},{"@type":"ListItem","position":2,"name":"Trendig Plus"}]},{"@type":"WebSite","@id":"https:\/\/trendig.info\/de\/#website","url":"https:\/\/trendig.info\/de\/","name":"Trendig","description":"Just another WordPress site","potentialAction":[{"@type":"SearchAction","target":{"@type":"EntryPoint","urlTemplate":"https:\/\/trendig.info\/de\/?s={search_term_string}"},"query-input":{"@type":"PropertyValueSpecification","valueRequired":true,"valueName":"search_term_string"}}],"inLanguage":"de"}]}},"_links":{"self":[{"href":"https:\/\/trendig.info\/de\/wp-json\/wp\/v2\/pages\/190","targetHints":{"allow":["GET"]}}],"collection":[{"href":"https:\/\/trendig.info\/de\/wp-json\/wp\/v2\/pages"}],"about":[{"href":"https:\/\/trendig.info\/de\/wp-json\/wp\/v2\/types\/page"}],"author":[{"embeddable":true,"href":"https:\/\/trendig.info\/de\/wp-json\/wp\/v2\/users\/1"}],"replies":[{"embeddable":true,"href":"https:\/\/trendig.info\/de\/wp-json\/wp\/v2\/comments?post=190"}],"version-history":[{"count":18,"href":"https:\/\/trendig.info\/de\/wp-json\/wp\/v2\/pages\/190\/revisions"}],"predecessor-version":[{"id":4733,"href":"https:\/\/trendig.info\/de\/wp-json\/wp\/v2\/pages\/190\/revisions\/4733"}],"wp:attachment":[{"href":"https:\/\/trendig.info\/de\/wp-json\/wp\/v2\/media?parent=190"}],"curies":[{"name":"wp","href":"https:\/\/api.w.org\/{rel}","templated":true}]}}