{"id":4127,"date":"2024-09-24T13:00:36","date_gmt":"2024-09-24T13:00:36","guid":{"rendered":"https:\/\/trendig.info\/?page_id=4127"},"modified":"2024-09-25T08:42:41","modified_gmt":"2024-09-25T08:42:41","slug":"trendig","status":"publish","type":"page","link":"https:\/\/trendig.info\/de\/ueber-uns\/trendig\/","title":{"rendered":"Trendig 2021-2022"},"content":{"rendered":"<h3 class=\"is-large\"><span style=\"color: #eb675a;\"><strong>Das Projekt Trendig 2021-2022<\/strong><\/span><\/h3>\n<p>Das Projekt TRENDIG ist darauf ausgelegt, kleinen Unternehmen Trends in unterschiedlichen Bereichen aufzuzeigen und diese mit Expertinnen und Experten auf ihre eigene Gesch\u00e4ftst\u00e4tigkeiten umzulegen. Wir begleiten kleine Unternehmen, EPUs, Gr\u00fcnder*innen und Start-Ups im Rahmen des Projektes dabei.<\/p>\n<ul>\n<li>Welche Chancen und Herausforderungen bieten neue Technologien und Trends und wie k\u00f6nnen kleine Unternehmen davon profitieren?<\/li>\n<li>Welche digitalen Transformationsprozesse sind notwendig um zuk\u00fcnftig \u201eMarkt-fit\u201c zu sein?<\/li>\n<li><span style=\"color: var(--color-text); font-family: var(--font-family-base); font-size: 1.0378rem;\">Welchen konkreten Fragen m\u00fcssen wir uns zu neuen Trends in der Zukunft stellen?<\/span><\/li>\n<\/ul>\n<p><strong><span style=\"color: var(--color-text); font-family: var(--font-family-base); font-size: 1.0378rem;\">Was bedeutet f\u00fcr kleine Unternehmen<\/span><\/strong><\/p>\n<ul>\n<li><span style=\"color: var(--color-text); font-family: var(--font-family-base); font-size: 1.0378rem;\">die zunehmende digitale Vernetzung und digitale Transformationen<\/span><\/li>\n<li><span style=\"color: var(--color-text); font-family: var(--font-family-base); font-size: 1.0378rem;\">die fortschreitenden Technologien welche in der Industrie entstanden sind<\/span><\/li>\n<li><span style=\"color: var(--color-text); font-family: var(--font-family-base); font-size: 1.0378rem;\">Ver\u00e4nderungen im Einkaufsverhalten \u2013 z.B. Bewusstsein f\u00fcr regionale Produkte<\/span><\/li>\n<li><span style=\"color: var(--color-text); font-family: var(--font-family-base); font-size: 1.0378rem;\">welche Auswirkungen haben diese neuen Trends auf meine Branche\/mein Unternehmen\/mein Umfeld<\/span><\/li>\n<\/ul>\n<p><strong>&#8230; und welche Perspektiven entstehen?<\/strong><\/p>\n<p>In Veranstaltungsreihen werden gemeinsam mit Unternehmen und Digitalisierungsanbietern sowie Expertinnen und Experten neue Ideen, Konzepte und Anwendungen in Ans\u00e4tzen erarbeitet, um neue M\u00f6glichkeiten von Gesch\u00e4ftst\u00e4tigkeiten zu finden &#8211; z.B. neue Anwendungsfelder f\u00fcr bestehende Applikationen in unterschiedlichen Branchen.<\/p>\n<h3><span style=\"color: #eb675a;\">Grenz\u00fcberschreitend Aktivit\u00e4ten in AT und HU <\/span><\/h3>\n<ul>\n<li>Aufbau eines Netzwerkes mit Expertinnen und Experten, Unternehmen und Unternehmensunterst\u00fctzende Einrichtungen u.a.<\/li>\n<li><span style=\"color: var(--color-text); font-family: var(--font-family-base); font-size: 1.0378rem;\">Unternehmensbefragung Status Digitalisierung in den Programmregionen \u00d6sterreich (50) und Ungarn (30).<\/span><\/li>\n<li><span style=\"color: var(--color-text); font-family: var(--font-family-base); font-size: 1.0378rem;\">Recherchen nach Trends und Darstellung eines TREND-MAPPING<\/span><\/li>\n<li><span style=\"color: var(--color-text); font-family: var(--font-family-base); font-size: 1.0378rem;\">Entwicklung und Durchf\u00fchrung von trendigen digitalen Veranstaltungsformaten, um grenz\u00fcberschreitende Kooperationen aufzubauen und Absatzm\u00e4rkte zu erweitern &#8211; insbesondere f\u00fcr kleine Unternehmen und Dienstleistungsbetriebe in allen Branchen, EPUs, Gr\u00fcnder*innen und Start-Ups.<\/span><\/li>\n<li><span style=\"color: var(--color-text); font-family: var(--font-family-base); font-size: 1.0378rem;\">Initiierung von grenz\u00fcberschreitenden Aktivit\u00e4ten und Kooperation zwischen Unternehmen in \u00d6sterreich und Ungarn.<\/span><\/li>\n<\/ul>\n<p><strong>Unsere Hauptzielgruppen sind kleine Unternehmen, EPUs, Gr\u00fcnder*innen und Start-Ups.<\/strong><\/p>\n<h3><span style=\"color: #eb675a;\">Projektinformationen<\/span><\/h3>\n<p>Projekttitel: \u00a0 \u00a0 \u00a0 \u00a0 \u00a0 \u00a0 \u00a0 \u00a0 \u00a0 \u00a0\u00a0 \u00a0 \u00a0 \u00a0 \u00a0 \u00a0 \u00a0 \u00a0 \u00a0 \u00a0 \u00a0 \u00a0 \u00a0 \u00a0 \u00a0 TRENDIG &#8211; Aufbau neuer CB Wertsch\u00f6pfungsketten \u2013 Nutzung von<\/p>\n<p>Trends und Tools in der Digitalisierung<\/p>\n<p>F\u00f6rderungsprogramm:\u00a0 \u00a0 \u00a0 \u00a0 \u00a0 \u00a0 \u00a0 \u00a0 \u00a0 \u00a0 \u00a0 \u00a0 \u00a0 \u00a0 \u00a0 Interreg V-A \u00d6sterreich-Ungarn<\/p>\n<p>Projektlaufzeit:\u00a0 \u00a0 \u00a0 \u00a0 \u00a0 \u00a0 \u00a0 \u00a0 \u00a0 \u00a0 \u00a0 \u00a0 \u00a0 \u00a0 \u00a0 \u00a0 \u00a0 \u00a0 \u00a0 \u00a0 \u00a0 \u00a0 \u00a001.01.2021 \u2013 31.12.2022<\/p>\n<p>Projektbudget:\u00a0 \u00a0 \u00a0 \u00a0 \u00a0 \u00a0 \u00a0 \u00a0 \u00a0 \u00a0 \u00a0 \u00a0 \u00a0 \u00a0 \u00a0 \u00a0 \u00a0 \u00a0 \u00a0 \u00a0 \u00a0 \u00a0 \u00a0 335.200 EUR<\/p>\n<p>Gesamt EFRE Mittel f\u00fcr das Projekt<strong>:\u00a0\u00a0\u00a0\u00a0\u00a0\u00a0\u00a0\u00a0 <\/strong>284.920 EUR<\/p>\n<h3><span style=\"color: #eb675a;\">TRENDIG Projektpartnerschaft\u00a0<\/span><\/h3>\n<p><img loading=\"lazy\" decoding=\"async\" class=\"alignnone wp-image-485\" src=\"http:\/\/trendig.info\/wp-content\/uploads\/2021\/08\/styria-2.png\" alt=\"\" width=\"150\" height=\"129\" \/><\/p>\n<p><strong>Innovation Region Styria GmbH.<\/strong><\/p>\n<ul>\n<li>A-8041 Graz, Liebenauer Hauptstra\u03b2e 2-6<\/li>\n<li><span style=\"color: var(--color-text); font-family: var(--font-family-base); font-size: 1.0378rem;\">Kontakt: Claudia Krobath<\/span><\/li>\n<li><span style=\"color: var(--color-text); font-family: var(--font-family-base); font-size: 1.0378rem;\">Mobil: +43 664 477 0909<\/span><\/li>\n<li><span style=\"color: var(--color-text); font-family: var(--font-family-base); font-size: 1.0378rem;\">E-Mail: <\/span><a style=\"font-family: var(--font-family-base); font-size: 1.0378rem;\" href=\"http:\/\/trendig.info\/de\/kontakt\/\">TRENDIG<\/a><\/li>\n<\/ul>\n<p>Kofinanziert durch:<\/p>\n<p><img loading=\"lazy\" decoding=\"async\" class=\"alignnone size-medium wp-image-307\" src=\"http:\/\/trendig.info\/wp-content\/uploads\/2021\/08\/BUndesministerium-Digitalisierung-und-Wirtschaftsstadnort-300x86.png\" alt=\"\" width=\"300\" height=\"86\" srcset=\"https:\/\/trendig.info\/wp-content\/uploads\/2021\/08\/BUndesministerium-Digitalisierung-und-Wirtschaftsstadnort-300x86.png 300w, https:\/\/trendig.info\/wp-content\/uploads\/2021\/08\/BUndesministerium-Digitalisierung-und-Wirtschaftsstadnort.png 421w\" sizes=\"auto, (max-width: 300px) 100vw, 300px\" \/><\/p>\n<hr \/>\n<h3><img loading=\"lazy\" decoding=\"async\" class=\"alignnone wp-image-483\" src=\"http:\/\/trendig.info\/wp-content\/uploads\/2021\/08\/PannonNovumRegInnoNonprofKorlFelTars_logo-new-300x273-1.jpg\" alt=\"\" width=\"150\" height=\"137\" \/><\/h3>\n<h3><strong>Pannon Novum Nyugat-dun\u00e1nt\u00fali Region\u00e1lis Innov\u00e1ci\u00f3s Nonprofit Kft.<\/strong><\/h3>\n<ul>\n<li>HU-9700 Szombathely, Berzsenyi D\u00e1niel t\u00e9r 2.<\/li>\n<li><span style=\"color: var(--color-text); font-family: var(--font-family-base); font-size: 1.0378rem;\">Kontakt: Dancsecs Roland<\/span><\/li>\n<li><span style=\"color: var(--color-text); font-family: var(--font-family-base); font-size: 1.0378rem;\">Mobil: +36 30 441 2726<\/span><\/li>\n<li><span style=\"color: var(--color-text); font-family: var(--font-family-base); font-size: 1.0378rem;\">E-Mail: <\/span><a style=\"font-family: var(--font-family-base); font-size: 1.0378rem;\" href=\"http:\/\/trendig.info\/kapcsolat\/\">TRENDIG<\/a><\/li>\n<\/ul>\n<hr \/>\n<h3><a href=\"http:\/\/trendig.info\/wp-content\/uploads\/2021\/08\/bfi-2.svg\"><img decoding=\"async\" class=\"alignnone wp-image-487\" src=\"http:\/\/trendig.info\/wp-content\/uploads\/2021\/08\/bfi-2.svg\" alt=\"\" width=\"150\" \/><\/a><\/h3>\n<h3><strong>Berufsf\u00f6rderungsinstitut Burgenland<\/strong><\/h3>\n<ul>\n<li>A-7400 Oberwart, Grazer Stra\u00dfe 86<\/li>\n<li><span style=\"color: var(--color-text); font-family: var(--font-family-base); font-size: 1.0378rem;\">Kontakt: Beate Venus<\/span><\/li>\n<li><span style=\"color: var(--color-text); font-family: var(--font-family-base); font-size: 1.0378rem;\">Mobil: +43 3352 389 802126<\/span><\/li>\n<li><span style=\"color: var(--color-text); font-family: var(--font-family-base); font-size: 1.0378rem;\">E-Mail: <\/span><a style=\"font-family: var(--font-family-base); font-size: 1.0378rem;\" href=\"http:\/\/trendig.info\/de\/kontakt\/\">TRENDIG<\/a><\/li>\n<\/ul>\n<hr \/>\n<h3><img loading=\"lazy\" decoding=\"async\" class=\"alignnone wp-image-481\" src=\"http:\/\/trendig.info\/wp-content\/uploads\/2021\/08\/6Logo_W.E.I.Z-300x100-1.jpg\" alt=\"\" width=\"150\" height=\"50\" \/><\/h3>\n<h3><strong>Weizer Energie- Innovations- Zentrum GmbH.<\/strong><\/h3>\n<ul>\n<li>A-8160 Weiz, Franz-Pichler-Stra\u00dfe 30<\/li>\n<li><span style=\"color: var(--color-text); font-family: var(--font-family-base); font-size: 1.0378rem;\">Kontakt: Tanja Frie\u00df<\/span><\/li>\n<li><span style=\"color: var(--color-text); font-family: var(--font-family-base); font-size: 1.0378rem;\">Mobil: +43 3172 603 1122<\/span><\/li>\n<li><span style=\"color: var(--color-text); font-family: var(--font-family-base); font-size: 1.0378rem;\">E-Mail: <\/span><a style=\"font-family: var(--font-family-base); font-size: 1.0378rem;\" href=\"http:\/\/trendig.info\/de\/kontakt\/\">TRENDIG<\/a><\/li>\n<\/ul>\n<hr \/>\n<h3><span style=\"color: #eb675a;\">TRENDIG Strategische Projektpartnerschaft<\/span><\/h3>\n<ul>\n<li>Wirtschaftkammer Steiermark<\/li>\n<li>Zala Megyei Kereskedelmi \u00e9s Iparkamara<\/li>\n<li>Vas Megyei Kereskedelmi \u00e9s Iparkamara<\/li>\n<li>Gy\u0151r-Moson-Sopron Megyei Kereskedelmi \u00e9s Iparkamara<\/li>\n<li>MOBILIS K\u00f6zhaszn\u00fa Nonprofit Kft.<\/li>\n<li>Sz\u00e9chenyi Istv\u00e1n\u00a0Egyetem<\/li>\n<li>Forschung Burgenland GmbH<\/li>\n<li>Regionalentwicklung Oststeiermark<\/li>\n<li>Stadtgemeinde Weiz<\/li>\n<\/ul>\n<p><img loading=\"lazy\" decoding=\"async\" class=\"alignnone size-medium wp-image-507\" src=\"http:\/\/trendig.info\/wp-content\/uploads\/2021\/09\/EU_flag_RGB-300x236.jpg\" alt=\"\" width=\"300\" height=\"236\" srcset=\"https:\/\/trendig.info\/wp-content\/uploads\/2021\/09\/EU_flag_RGB-300x236.jpg 300w, https:\/\/trendig.info\/wp-content\/uploads\/2021\/09\/EU_flag_RGB-1024x807.jpg 1024w, https:\/\/trendig.info\/wp-content\/uploads\/2021\/09\/EU_flag_RGB-768x605.jpg 768w, https:\/\/trendig.info\/wp-content\/uploads\/2021\/09\/EU_flag_RGB-1536x1210.jpg 1536w, https:\/\/trendig.info\/wp-content\/uploads\/2021\/09\/EU_flag_RGB.jpg 1603w\" sizes=\"auto, (max-width: 300px) 100vw, 300px\" \/><\/p>\n","protected":false},"excerpt":{"rendered":"<p>Das Projekt Trendig 2021-2022 Das Projekt TRENDIG ist darauf ausgelegt, kleinen Unternehmen Trends in unterschiedlichen Bereichen aufzuzeigen und diese mit Expertinnen und Experten auf ihre eigene Gesch\u00e4ftst\u00e4tigkeiten umzulegen. Wir begleiten kleine Unternehmen, EPUs, Gr\u00fcnder*innen und Start-Ups im Rahmen des Projektes dabei. Welche Chancen und Herausforderungen bieten neue Technologien und Trends und wie k\u00f6nnen kleine Unternehmen [&hellip;]<\/p>\n","protected":false},"author":2,"featured_media":0,"parent":188,"menu_order":0,"comment_status":"closed","ping_status":"closed","template":"","meta":{"inline_featured_image":false,"footnotes":""},"class_list":["post-4127","page","type-page","status-publish","hentry"],"yoast_head":"<!-- This site is optimized with the Yoast SEO plugin v23.5 - https:\/\/yoast.com\/wordpress\/plugins\/seo\/ -->\n<title>Trendig 2021-2022 - Trendig<\/title>\n<meta name=\"robots\" content=\"index, follow, max-snippet:-1, max-image-preview:large, max-video-preview:-1\" \/>\n<link rel=\"canonical\" href=\"https:\/\/trendig.info\/de\/ueber-uns\/trendig\/\" \/>\n<meta property=\"og:locale\" content=\"de_DE\" \/>\n<meta property=\"og:type\" content=\"article\" \/>\n<meta property=\"og:title\" content=\"Trendig 2021-2022 - Trendig\" \/>\n<meta property=\"og:description\" content=\"Das Projekt Trendig 2021-2022 Das Projekt TRENDIG ist darauf ausgelegt, kleinen Unternehmen Trends in unterschiedlichen Bereichen aufzuzeigen und diese mit Expertinnen und Experten auf ihre eigene Gesch\u00e4ftst\u00e4tigkeiten umzulegen. Wir begleiten kleine Unternehmen, EPUs, Gr\u00fcnder*innen und Start-Ups im Rahmen des Projektes dabei. Welche Chancen und Herausforderungen bieten neue Technologien und Trends und wie k\u00f6nnen kleine Unternehmen [&hellip;]\" \/>\n<meta property=\"og:url\" content=\"https:\/\/trendig.info\/de\/ueber-uns\/trendig\/\" \/>\n<meta property=\"og:site_name\" content=\"Trendig\" \/>\n<meta property=\"article:modified_time\" content=\"2024-09-25T08:42:41+00:00\" \/>\n<meta property=\"og:image\" content=\"http:\/\/trendig.info\/wp-content\/uploads\/2021\/08\/styria-2.png\" \/>\n<meta name=\"twitter:card\" content=\"summary_large_image\" \/>\n<meta name=\"twitter:label1\" content=\"Gesch\u00e4tzte Lesezeit\" \/>\n\t<meta name=\"twitter:data1\" content=\"3\u00a0Minuten\" \/>\n<script type=\"application\/ld+json\" class=\"yoast-schema-graph\">{\"@context\":\"https:\/\/schema.org\",\"@graph\":[{\"@type\":\"WebPage\",\"@id\":\"https:\/\/trendig.info\/de\/ueber-uns\/trendig\/\",\"url\":\"https:\/\/trendig.info\/de\/ueber-uns\/trendig\/\",\"name\":\"Trendig 2021-2022 - Trendig\",\"isPartOf\":{\"@id\":\"https:\/\/trendig.info\/de\/#website\"},\"primaryImageOfPage\":{\"@id\":\"https:\/\/trendig.info\/de\/ueber-uns\/trendig\/#primaryimage\"},\"image\":{\"@id\":\"https:\/\/trendig.info\/de\/ueber-uns\/trendig\/#primaryimage\"},\"thumbnailUrl\":\"http:\/\/trendig.info\/wp-content\/uploads\/2021\/08\/styria-2.png\",\"datePublished\":\"2024-09-24T13:00:36+00:00\",\"dateModified\":\"2024-09-25T08:42:41+00:00\",\"breadcrumb\":{\"@id\":\"https:\/\/trendig.info\/de\/ueber-uns\/trendig\/#breadcrumb\"},\"inLanguage\":\"de\",\"potentialAction\":[{\"@type\":\"ReadAction\",\"target\":[\"https:\/\/trendig.info\/de\/ueber-uns\/trendig\/\"]}]},{\"@type\":\"ImageObject\",\"inLanguage\":\"de\",\"@id\":\"https:\/\/trendig.info\/de\/ueber-uns\/trendig\/#primaryimage\",\"url\":\"http:\/\/trendig.info\/wp-content\/uploads\/2021\/08\/styria-2.png\",\"contentUrl\":\"http:\/\/trendig.info\/wp-content\/uploads\/2021\/08\/styria-2.png\"},{\"@type\":\"BreadcrumbList\",\"@id\":\"https:\/\/trendig.info\/de\/ueber-uns\/trendig\/#breadcrumb\",\"itemListElement\":[{\"@type\":\"ListItem\",\"position\":1,\"name\":\"Startseite\",\"item\":\"https:\/\/trendig.info\/de\/\"},{\"@type\":\"ListItem\",\"position\":2,\"name\":\"\u00dcber uns\",\"item\":\"https:\/\/trendig.info\/de\/ueber-uns\/\"},{\"@type\":\"ListItem\",\"position\":3,\"name\":\"Trendig 2021-2022\"}]},{\"@type\":\"WebSite\",\"@id\":\"https:\/\/trendig.info\/de\/#website\",\"url\":\"https:\/\/trendig.info\/de\/\",\"name\":\"Trendig\",\"description\":\"Just another WordPress site\",\"potentialAction\":[{\"@type\":\"SearchAction\",\"target\":{\"@type\":\"EntryPoint\",\"urlTemplate\":\"https:\/\/trendig.info\/de\/?s={search_term_string}\"},\"query-input\":{\"@type\":\"PropertyValueSpecification\",\"valueRequired\":true,\"valueName\":\"search_term_string\"}}],\"inLanguage\":\"de\"}]}<\/script>\n<!-- \/ Yoast SEO plugin. -->","yoast_head_json":{"title":"Trendig 2021-2022 - Trendig","robots":{"index":"index","follow":"follow","max-snippet":"max-snippet:-1","max-image-preview":"max-image-preview:large","max-video-preview":"max-video-preview:-1"},"canonical":"https:\/\/trendig.info\/de\/ueber-uns\/trendig\/","og_locale":"de_DE","og_type":"article","og_title":"Trendig 2021-2022 - Trendig","og_description":"Das Projekt Trendig 2021-2022 Das Projekt TRENDIG ist darauf ausgelegt, kleinen Unternehmen Trends in unterschiedlichen Bereichen aufzuzeigen und diese mit Expertinnen und Experten auf ihre eigene Gesch\u00e4ftst\u00e4tigkeiten umzulegen. Wir begleiten kleine Unternehmen, EPUs, Gr\u00fcnder*innen und Start-Ups im Rahmen des Projektes dabei. Welche Chancen und Herausforderungen bieten neue Technologien und Trends und wie k\u00f6nnen kleine Unternehmen [&hellip;]","og_url":"https:\/\/trendig.info\/de\/ueber-uns\/trendig\/","og_site_name":"Trendig","article_modified_time":"2024-09-25T08:42:41+00:00","og_image":[{"url":"http:\/\/trendig.info\/wp-content\/uploads\/2021\/08\/styria-2.png"}],"twitter_card":"summary_large_image","twitter_misc":{"Gesch\u00e4tzte Lesezeit":"3\u00a0Minuten"},"schema":{"@context":"https:\/\/schema.org","@graph":[{"@type":"WebPage","@id":"https:\/\/trendig.info\/de\/ueber-uns\/trendig\/","url":"https:\/\/trendig.info\/de\/ueber-uns\/trendig\/","name":"Trendig 2021-2022 - Trendig","isPartOf":{"@id":"https:\/\/trendig.info\/de\/#website"},"primaryImageOfPage":{"@id":"https:\/\/trendig.info\/de\/ueber-uns\/trendig\/#primaryimage"},"image":{"@id":"https:\/\/trendig.info\/de\/ueber-uns\/trendig\/#primaryimage"},"thumbnailUrl":"http:\/\/trendig.info\/wp-content\/uploads\/2021\/08\/styria-2.png","datePublished":"2024-09-24T13:00:36+00:00","dateModified":"2024-09-25T08:42:41+00:00","breadcrumb":{"@id":"https:\/\/trendig.info\/de\/ueber-uns\/trendig\/#breadcrumb"},"inLanguage":"de","potentialAction":[{"@type":"ReadAction","target":["https:\/\/trendig.info\/de\/ueber-uns\/trendig\/"]}]},{"@type":"ImageObject","inLanguage":"de","@id":"https:\/\/trendig.info\/de\/ueber-uns\/trendig\/#primaryimage","url":"http:\/\/trendig.info\/wp-content\/uploads\/2021\/08\/styria-2.png","contentUrl":"http:\/\/trendig.info\/wp-content\/uploads\/2021\/08\/styria-2.png"},{"@type":"BreadcrumbList","@id":"https:\/\/trendig.info\/de\/ueber-uns\/trendig\/#breadcrumb","itemListElement":[{"@type":"ListItem","position":1,"name":"Startseite","item":"https:\/\/trendig.info\/de\/"},{"@type":"ListItem","position":2,"name":"\u00dcber uns","item":"https:\/\/trendig.info\/de\/ueber-uns\/"},{"@type":"ListItem","position":3,"name":"Trendig 2021-2022"}]},{"@type":"WebSite","@id":"https:\/\/trendig.info\/de\/#website","url":"https:\/\/trendig.info\/de\/","name":"Trendig","description":"Just another WordPress site","potentialAction":[{"@type":"SearchAction","target":{"@type":"EntryPoint","urlTemplate":"https:\/\/trendig.info\/de\/?s={search_term_string}"},"query-input":{"@type":"PropertyValueSpecification","valueRequired":true,"valueName":"search_term_string"}}],"inLanguage":"de"}]}},"_links":{"self":[{"href":"https:\/\/trendig.info\/de\/wp-json\/wp\/v2\/pages\/4127","targetHints":{"allow":["GET"]}}],"collection":[{"href":"https:\/\/trendig.info\/de\/wp-json\/wp\/v2\/pages"}],"about":[{"href":"https:\/\/trendig.info\/de\/wp-json\/wp\/v2\/types\/page"}],"author":[{"embeddable":true,"href":"https:\/\/trendig.info\/de\/wp-json\/wp\/v2\/users\/2"}],"replies":[{"embeddable":true,"href":"https:\/\/trendig.info\/de\/wp-json\/wp\/v2\/comments?post=4127"}],"version-history":[{"count":4,"href":"https:\/\/trendig.info\/de\/wp-json\/wp\/v2\/pages\/4127\/revisions"}],"predecessor-version":[{"id":4150,"href":"https:\/\/trendig.info\/de\/wp-json\/wp\/v2\/pages\/4127\/revisions\/4150"}],"up":[{"embeddable":true,"href":"https:\/\/trendig.info\/de\/wp-json\/wp\/v2\/pages\/188"}],"wp:attachment":[{"href":"https:\/\/trendig.info\/de\/wp-json\/wp\/v2\/media?parent=4127"}],"curies":[{"name":"wp","href":"https:\/\/api.w.org\/{rel}","templated":true}]}}