{"id":19,"date":"2021-07-07T11:29:17","date_gmt":"2021-07-07T11:29:17","guid":{"rendered":"https:\/\/trendig.info\/?page_id=19"},"modified":"2021-08-23T10:55:41","modified_gmt":"2021-08-23T10:55:41","slug":"kapcsolat","status":"publish","type":"page","link":"https:\/\/trendig.info\/hu\/kapcsolat\/","title":{"rendered":"Kapcsolat"},"content":{"rendered":"<h2><strong><span style=\"color: #eb675a;\">\u00cdrjon nek\u00fcnk!<\/span><\/strong><\/h2>\n<p>&nbsp;<\/p>\n<div role=\"form\" class=\"wpcf7\" id=\"wpcf7-f6-o1\" lang=\"hu-HU\" dir=\"ltr\">\n<div class=\"screen-reader-response\"><p role=\"status\" aria-live=\"polite\" aria-atomic=\"true\"><\/p> <ul><\/ul><\/div>\n<form action=\"\/hu\/wp-json\/wp\/v2\/pages\/19#wpcf7-f6-o1\" method=\"post\" class=\"wpcf7-form init generic-form\" novalidate=\"novalidate\" data-status=\"init\">\n<div style=\"display: none;\">\n<input type=\"hidden\" name=\"_wpcf7\" value=\"6\" \/>\n<input type=\"hidden\" name=\"_wpcf7_version\" value=\"5.6.4\" \/>\n<input type=\"hidden\" name=\"_wpcf7_locale\" value=\"hu_HU\" \/>\n<input type=\"hidden\" name=\"_wpcf7_unit_tag\" value=\"wpcf7-f6-o1\" \/>\n<input type=\"hidden\" name=\"_wpcf7_container_post\" value=\"0\" \/>\n<input type=\"hidden\" name=\"_wpcf7_posted_data_hash\" value=\"\" \/>\n<input type=\"hidden\" name=\"_wpcf7_recaptcha_response\" value=\"\" \/>\n<\/div>\n<div class=\"input-group-wrapper\">    \n    <div class=\"input-group\">\n        <label for=\"your-name\" class=\"input-group__label\">N\u00e9v (k\u00f6telez\u0151)<\/label>\n        <span class=\"wpcf7-form-control-wrap\" data-name=\"your-name\"><input type=\"text\" name=\"your-name\" value=\"\" size=\"40\" class=\"wpcf7-form-control wpcf7-text wpcf7-validates-as-required\" id=\"your-name\" aria-required=\"true\" aria-invalid=\"false\" \/><\/span> \n    <\/div>\n    <div class=\"input-group\">\n        <label for=\"your-email\" class=\"input-group__label\">E-mail c\u00edm (k\u00f6telez\u0151)<\/label>\n        <span class=\"wpcf7-form-control-wrap\" data-name=\"your-email\"><input type=\"email\" name=\"your-email\" value=\"\" size=\"40\" class=\"wpcf7-form-control wpcf7-text wpcf7-email wpcf7-validates-as-required wpcf7-validates-as-email\" id=\"your-email\" aria-required=\"true\" aria-invalid=\"false\" \/><\/span> \n    <\/div>\n    <div class=\"input-group\">\n        <label for=\"your-message\" class=\"input-group__label\"> \u00dczenet (k\u00f6telez\u0151)<\/label>\n        <span class=\"wpcf7-form-control-wrap\" data-name=\"your-message\"><textarea name=\"your-message\" cols=\"40\" rows=\"10\" class=\"wpcf7-form-control wpcf7-textarea wpcf7-validates-as-required\" id=\"your-message\" aria-required=\"true\" aria-invalid=\"false\"><\/textarea><\/span>\n    <\/div>\n    <div class=\"input-group\">\n        <span class=\"wpcf7-form-control-wrap\" data-name=\"acceptance-784\"><span class=\"wpcf7-form-control wpcf7-acceptance\"><span class=\"wpcf7-list-item\"><label><input type=\"checkbox\" name=\"acceptance-784\" value=\"1\" aria-invalid=\"false\" \/><span class=\"wpcf7-list-item-label\">Elfogadom az <a href=\"\/\/trendig.info\/hu\/privacy-policy\/\" target=\"_blank\">adatkezel\u00e9si felt\u00e9teleket<\/a>.<\/span><\/label><\/span><\/span><\/span>\n    <\/div>\n    <div class=\"input-group is-wpcf7-submit\">\n        <input type=\"submit\" value=\"K\u00fcld\u00e9s\" class=\"wpcf7-form-control has-spinner wpcf7-submit btn btn--primary\" \/>\n    <\/div>\n<\/div><div class=\"wpcf7-response-output\" aria-hidden=\"true\"><\/div><\/form><\/div>\n","protected":false},"excerpt":{"rendered":"<p>\u00cdrjon nek\u00fcnk! &nbsp;<\/p>\n","protected":false},"author":1,"featured_media":0,"parent":0,"menu_order":0,"comment_status":"closed","ping_status":"closed","template":"","meta":{"inline_featured_image":false,"footnotes":""},"class_list":["post-19","page","type-page","status-publish","hentry"],"yoast_head":"<!-- This site is optimized with the Yoast SEO plugin v23.5 - https:\/\/yoast.com\/wordpress\/plugins\/seo\/ -->\n<title>Kapcsolat - Trendig<\/title>\n<meta name=\"robots\" content=\"index, follow, max-snippet:-1, max-image-preview:large, max-video-preview:-1\" \/>\n<link rel=\"canonical\" href=\"https:\/\/trendig.info\/hu\/kapcsolat\/\" \/>\n<meta property=\"og:locale\" content=\"hu_HU\" \/>\n<meta property=\"og:type\" content=\"article\" \/>\n<meta property=\"og:title\" content=\"Kapcsolat - Trendig\" \/>\n<meta property=\"og:description\" content=\"\u00cdrjon nek\u00fcnk! &nbsp;\" \/>\n<meta property=\"og:url\" content=\"https:\/\/trendig.info\/hu\/kapcsolat\/\" \/>\n<meta property=\"og:site_name\" content=\"Trendig\" \/>\n<meta property=\"article:modified_time\" content=\"2021-08-23T10:55:41+00:00\" \/>\n<meta name=\"twitter:card\" content=\"summary_large_image\" \/>\n<meta name=\"twitter:label1\" content=\"Becs\u00fclt olvas\u00e1si id\u0151\" \/>\n\t<meta name=\"twitter:data1\" content=\"1 perc\" \/>\n<script type=\"application\/ld+json\" class=\"yoast-schema-graph\">{\"@context\":\"https:\/\/schema.org\",\"@graph\":[{\"@type\":\"WebPage\",\"@id\":\"https:\/\/trendig.info\/hu\/kapcsolat\/\",\"url\":\"https:\/\/trendig.info\/hu\/kapcsolat\/\",\"name\":\"Kapcsolat - Trendig\",\"isPartOf\":{\"@id\":\"https:\/\/trendig.info\/de\/#website\"},\"datePublished\":\"2021-07-07T11:29:17+00:00\",\"dateModified\":\"2021-08-23T10:55:41+00:00\",\"breadcrumb\":{\"@id\":\"https:\/\/trendig.info\/hu\/kapcsolat\/#breadcrumb\"},\"inLanguage\":\"hu\",\"potentialAction\":[{\"@type\":\"ReadAction\",\"target\":[\"https:\/\/trendig.info\/hu\/kapcsolat\/\"]}]},{\"@type\":\"BreadcrumbList\",\"@id\":\"https:\/\/trendig.info\/hu\/kapcsolat\/#breadcrumb\",\"itemListElement\":[{\"@type\":\"ListItem\",\"position\":1,\"name\":\"Kezd\u0151lap\",\"item\":\"https:\/\/trendig.info\/hu\/\"},{\"@type\":\"ListItem\",\"position\":2,\"name\":\"Kapcsolat\"}]},{\"@type\":\"WebSite\",\"@id\":\"https:\/\/trendig.info\/de\/#website\",\"url\":\"https:\/\/trendig.info\/de\/\",\"name\":\"Trendig\",\"description\":\"Just another WordPress site\",\"potentialAction\":[{\"@type\":\"SearchAction\",\"target\":{\"@type\":\"EntryPoint\",\"urlTemplate\":\"https:\/\/trendig.info\/de\/?s={search_term_string}\"},\"query-input\":{\"@type\":\"PropertyValueSpecification\",\"valueRequired\":true,\"valueName\":\"search_term_string\"}}],\"inLanguage\":\"hu\"}]}<\/script>\n<!-- \/ Yoast SEO plugin. -->","yoast_head_json":{"title":"Kapcsolat - Trendig","robots":{"index":"index","follow":"follow","max-snippet":"max-snippet:-1","max-image-preview":"max-image-preview:large","max-video-preview":"max-video-preview:-1"},"canonical":"https:\/\/trendig.info\/hu\/kapcsolat\/","og_locale":"hu_HU","og_type":"article","og_title":"Kapcsolat - Trendig","og_description":"\u00cdrjon nek\u00fcnk! &nbsp;","og_url":"https:\/\/trendig.info\/hu\/kapcsolat\/","og_site_name":"Trendig","article_modified_time":"2021-08-23T10:55:41+00:00","twitter_card":"summary_large_image","twitter_misc":{"Becs\u00fclt olvas\u00e1si id\u0151":"1 perc"},"schema":{"@context":"https:\/\/schema.org","@graph":[{"@type":"WebPage","@id":"https:\/\/trendig.info\/hu\/kapcsolat\/","url":"https:\/\/trendig.info\/hu\/kapcsolat\/","name":"Kapcsolat - Trendig","isPartOf":{"@id":"https:\/\/trendig.info\/de\/#website"},"datePublished":"2021-07-07T11:29:17+00:00","dateModified":"2021-08-23T10:55:41+00:00","breadcrumb":{"@id":"https:\/\/trendig.info\/hu\/kapcsolat\/#breadcrumb"},"inLanguage":"hu","potentialAction":[{"@type":"ReadAction","target":["https:\/\/trendig.info\/hu\/kapcsolat\/"]}]},{"@type":"BreadcrumbList","@id":"https:\/\/trendig.info\/hu\/kapcsolat\/#breadcrumb","itemListElement":[{"@type":"ListItem","position":1,"name":"Kezd\u0151lap","item":"https:\/\/trendig.info\/hu\/"},{"@type":"ListItem","position":2,"name":"Kapcsolat"}]},{"@type":"WebSite","@id":"https:\/\/trendig.info\/de\/#website","url":"https:\/\/trendig.info\/de\/","name":"Trendig","description":"Just another WordPress site","potentialAction":[{"@type":"SearchAction","target":{"@type":"EntryPoint","urlTemplate":"https:\/\/trendig.info\/de\/?s={search_term_string}"},"query-input":{"@type":"PropertyValueSpecification","valueRequired":true,"valueName":"search_term_string"}}],"inLanguage":"hu"}]}},"_links":{"self":[{"href":"https:\/\/trendig.info\/hu\/wp-json\/wp\/v2\/pages\/19","targetHints":{"allow":["GET"]}}],"collection":[{"href":"https:\/\/trendig.info\/hu\/wp-json\/wp\/v2\/pages"}],"about":[{"href":"https:\/\/trendig.info\/hu\/wp-json\/wp\/v2\/types\/page"}],"author":[{"embeddable":true,"href":"https:\/\/trendig.info\/hu\/wp-json\/wp\/v2\/users\/1"}],"replies":[{"embeddable":true,"href":"https:\/\/trendig.info\/hu\/wp-json\/wp\/v2\/comments?post=19"}],"version-history":[{"count":12,"href":"https:\/\/trendig.info\/hu\/wp-json\/wp\/v2\/pages\/19\/revisions"}],"predecessor-version":[{"id":366,"href":"https:\/\/trendig.info\/hu\/wp-json\/wp\/v2\/pages\/19\/revisions\/366"}],"wp:attachment":[{"href":"https:\/\/trendig.info\/hu\/wp-json\/wp\/v2\/media?parent=19"}],"curies":[{"name":"wp","href":"https:\/\/api.w.org\/{rel}","templated":true}]}}