{"id":2146,"date":"2022-08-01T12:17:21","date_gmt":"2022-08-01T12:17:21","guid":{"rendered":"https:\/\/trendig.info\/?page_id=2146"},"modified":"2024-10-02T08:03:25","modified_gmt":"2024-10-02T08:03:25","slug":"trendradar","status":"publish","type":"page","link":"https:\/\/trendig.info\/hu\/trendradar\/","title":{"rendered":"Trend Radar 2021"},"content":{"rendered":"<div class=\"infogram-embed\" data-id=\"735b40db-4827-4699-aa5f-63fa457b58ff\" data-type=\"interactive\" data-title=\"Copy: Trend Radar\">\n<p>&nbsp;<\/p>\n<\/div>\n<p><script>!function(e,i,n,s){var t=\"InfogramEmbeds\",d=e.getElementsByTagName(\"script\")[0];if(window[t]&&window[t].initialized)window[t].process&&window[t].process();else if(!e.getElementById(n)){var o=e.createElement(\"script\");o.async=1,o.id=n,o.src=\"https:\/\/e.infogram.com\/js\/dist\/embed-loader-min.js\",d.parentNode.insertBefore(o,d)}}(document,0,\"infogram-async\");<\/script><\/p>\n<p>A Trend Radar a Trendig 2021-2022 projekt r\u00e9szek\u00e9nt j\u00f6tt l\u00e9tre egy online felm\u00e9r\u00e9s alapj\u00e1n. A digitaliz\u00e1ci\u00f3s el\u0151rehaladotts\u00e1gi st\u00e1tuszfelm\u00e9r\u00e9sben mintegy 60 kisebb szolg\u00e1ltat\u00f3 v\u00e1llalkoz\u00e1s vett r\u00e9szt. A szeml\u00e9ltet\u0151 eszk\u00f6z megmutatja az el\u0151tt\u00fcnk \u00e1ll\u00f3 feladatokat \u00e9s a kiakn\u00e1zatlan lehet\u0151s\u00e9geket is a k\u00fcl\u00f6nf\u00e9le trendek figyelembev\u00e9tel\u00e9vel.<\/p>\n","protected":false},"excerpt":{"rendered":"<p>&nbsp; A Trend Radar a Trendig 2021-2022 projekt r\u00e9szek\u00e9nt j\u00f6tt l\u00e9tre egy online felm\u00e9r\u00e9s alapj\u00e1n. A digitaliz\u00e1ci\u00f3s el\u0151rehaladotts\u00e1gi st\u00e1tuszfelm\u00e9r\u00e9sben mintegy 60 kisebb szolg\u00e1ltat\u00f3 v\u00e1llalkoz\u00e1s vett r\u00e9szt. A szeml\u00e9ltet\u0151 eszk\u00f6z megmutatja az el\u0151tt\u00fcnk \u00e1ll\u00f3 feladatokat \u00e9s a kiakn\u00e1zatlan lehet\u0151s\u00e9geket is a k\u00fcl\u00f6nf\u00e9le trendek figyelembev\u00e9tel\u00e9vel.<\/p>\n","protected":false},"author":1,"featured_media":0,"parent":0,"menu_order":0,"comment_status":"closed","ping_status":"closed","template":"","meta":{"inline_featured_image":false,"footnotes":""},"class_list":["post-2146","page","type-page","status-publish","hentry"],"yoast_head":"<!-- This site is optimized with the Yoast SEO plugin v23.5 - https:\/\/yoast.com\/wordpress\/plugins\/seo\/ -->\n<title>Trend Radar 2021 - Trendig<\/title>\n<meta name=\"robots\" content=\"index, follow, max-snippet:-1, max-image-preview:large, max-video-preview:-1\" \/>\n<link rel=\"canonical\" href=\"https:\/\/trendig.info\/hu\/trendradar\/\" \/>\n<meta property=\"og:locale\" content=\"hu_HU\" \/>\n<meta property=\"og:type\" content=\"article\" \/>\n<meta property=\"og:title\" content=\"Trend Radar 2021 - Trendig\" \/>\n<meta property=\"og:description\" content=\"&nbsp; A Trend Radar a Trendig 2021-2022 projekt r\u00e9szek\u00e9nt j\u00f6tt l\u00e9tre egy online felm\u00e9r\u00e9s alapj\u00e1n. A digitaliz\u00e1ci\u00f3s el\u0151rehaladotts\u00e1gi st\u00e1tuszfelm\u00e9r\u00e9sben mintegy 60 kisebb szolg\u00e1ltat\u00f3 v\u00e1llalkoz\u00e1s vett r\u00e9szt. A szeml\u00e9ltet\u0151 eszk\u00f6z megmutatja az el\u0151tt\u00fcnk \u00e1ll\u00f3 feladatokat \u00e9s a kiakn\u00e1zatlan lehet\u0151s\u00e9geket is a k\u00fcl\u00f6nf\u00e9le trendek figyelembev\u00e9tel\u00e9vel.\" \/>\n<meta property=\"og:url\" content=\"https:\/\/trendig.info\/hu\/trendradar\/\" \/>\n<meta property=\"og:site_name\" content=\"Trendig\" \/>\n<meta property=\"article:modified_time\" content=\"2024-10-02T08:03:25+00:00\" \/>\n<meta name=\"twitter:card\" content=\"summary_large_image\" \/>\n<meta name=\"twitter:label1\" content=\"Becs\u00fclt olvas\u00e1si id\u0151\" \/>\n\t<meta name=\"twitter:data1\" content=\"1 perc\" \/>\n<script type=\"application\/ld+json\" class=\"yoast-schema-graph\">{\"@context\":\"https:\/\/schema.org\",\"@graph\":[{\"@type\":\"WebPage\",\"@id\":\"https:\/\/trendig.info\/hu\/trendradar\/\",\"url\":\"https:\/\/trendig.info\/hu\/trendradar\/\",\"name\":\"Trend Radar 2021 - Trendig\",\"isPartOf\":{\"@id\":\"https:\/\/trendig.info\/de\/#website\"},\"datePublished\":\"2022-08-01T12:17:21+00:00\",\"dateModified\":\"2024-10-02T08:03:25+00:00\",\"breadcrumb\":{\"@id\":\"https:\/\/trendig.info\/hu\/trendradar\/#breadcrumb\"},\"inLanguage\":\"hu\",\"potentialAction\":[{\"@type\":\"ReadAction\",\"target\":[\"https:\/\/trendig.info\/hu\/trendradar\/\"]}]},{\"@type\":\"BreadcrumbList\",\"@id\":\"https:\/\/trendig.info\/hu\/trendradar\/#breadcrumb\",\"itemListElement\":[{\"@type\":\"ListItem\",\"position\":1,\"name\":\"Kezd\u0151lap\",\"item\":\"https:\/\/trendig.info\/hu\/\"},{\"@type\":\"ListItem\",\"position\":2,\"name\":\"Trend Radar 2021\"}]},{\"@type\":\"WebSite\",\"@id\":\"https:\/\/trendig.info\/de\/#website\",\"url\":\"https:\/\/trendig.info\/de\/\",\"name\":\"Trendig\",\"description\":\"Just another WordPress site\",\"potentialAction\":[{\"@type\":\"SearchAction\",\"target\":{\"@type\":\"EntryPoint\",\"urlTemplate\":\"https:\/\/trendig.info\/de\/?s={search_term_string}\"},\"query-input\":{\"@type\":\"PropertyValueSpecification\",\"valueRequired\":true,\"valueName\":\"search_term_string\"}}],\"inLanguage\":\"hu\"}]}<\/script>\n<!-- \/ Yoast SEO plugin. -->","yoast_head_json":{"title":"Trend Radar 2021 - Trendig","robots":{"index":"index","follow":"follow","max-snippet":"max-snippet:-1","max-image-preview":"max-image-preview:large","max-video-preview":"max-video-preview:-1"},"canonical":"https:\/\/trendig.info\/hu\/trendradar\/","og_locale":"hu_HU","og_type":"article","og_title":"Trend Radar 2021 - Trendig","og_description":"&nbsp; A Trend Radar a Trendig 2021-2022 projekt r\u00e9szek\u00e9nt j\u00f6tt l\u00e9tre egy online felm\u00e9r\u00e9s alapj\u00e1n. A digitaliz\u00e1ci\u00f3s el\u0151rehaladotts\u00e1gi st\u00e1tuszfelm\u00e9r\u00e9sben mintegy 60 kisebb szolg\u00e1ltat\u00f3 v\u00e1llalkoz\u00e1s vett r\u00e9szt. A szeml\u00e9ltet\u0151 eszk\u00f6z megmutatja az el\u0151tt\u00fcnk \u00e1ll\u00f3 feladatokat \u00e9s a kiakn\u00e1zatlan lehet\u0151s\u00e9geket is a k\u00fcl\u00f6nf\u00e9le trendek figyelembev\u00e9tel\u00e9vel.","og_url":"https:\/\/trendig.info\/hu\/trendradar\/","og_site_name":"Trendig","article_modified_time":"2024-10-02T08:03:25+00:00","twitter_card":"summary_large_image","twitter_misc":{"Becs\u00fclt olvas\u00e1si id\u0151":"1 perc"},"schema":{"@context":"https:\/\/schema.org","@graph":[{"@type":"WebPage","@id":"https:\/\/trendig.info\/hu\/trendradar\/","url":"https:\/\/trendig.info\/hu\/trendradar\/","name":"Trend Radar 2021 - Trendig","isPartOf":{"@id":"https:\/\/trendig.info\/de\/#website"},"datePublished":"2022-08-01T12:17:21+00:00","dateModified":"2024-10-02T08:03:25+00:00","breadcrumb":{"@id":"https:\/\/trendig.info\/hu\/trendradar\/#breadcrumb"},"inLanguage":"hu","potentialAction":[{"@type":"ReadAction","target":["https:\/\/trendig.info\/hu\/trendradar\/"]}]},{"@type":"BreadcrumbList","@id":"https:\/\/trendig.info\/hu\/trendradar\/#breadcrumb","itemListElement":[{"@type":"ListItem","position":1,"name":"Kezd\u0151lap","item":"https:\/\/trendig.info\/hu\/"},{"@type":"ListItem","position":2,"name":"Trend Radar 2021"}]},{"@type":"WebSite","@id":"https:\/\/trendig.info\/de\/#website","url":"https:\/\/trendig.info\/de\/","name":"Trendig","description":"Just another WordPress site","potentialAction":[{"@type":"SearchAction","target":{"@type":"EntryPoint","urlTemplate":"https:\/\/trendig.info\/de\/?s={search_term_string}"},"query-input":{"@type":"PropertyValueSpecification","valueRequired":true,"valueName":"search_term_string"}}],"inLanguage":"hu"}]}},"_links":{"self":[{"href":"https:\/\/trendig.info\/hu\/wp-json\/wp\/v2\/pages\/2146","targetHints":{"allow":["GET"]}}],"collection":[{"href":"https:\/\/trendig.info\/hu\/wp-json\/wp\/v2\/pages"}],"about":[{"href":"https:\/\/trendig.info\/hu\/wp-json\/wp\/v2\/types\/page"}],"author":[{"embeddable":true,"href":"https:\/\/trendig.info\/hu\/wp-json\/wp\/v2\/users\/1"}],"replies":[{"embeddable":true,"href":"https:\/\/trendig.info\/hu\/wp-json\/wp\/v2\/comments?post=2146"}],"version-history":[{"count":9,"href":"https:\/\/trendig.info\/hu\/wp-json\/wp\/v2\/pages\/2146\/revisions"}],"predecessor-version":[{"id":4185,"href":"https:\/\/trendig.info\/hu\/wp-json\/wp\/v2\/pages\/2146\/revisions\/4185"}],"wp:attachment":[{"href":"https:\/\/trendig.info\/hu\/wp-json\/wp\/v2\/media?parent=2146"}],"curies":[{"name":"wp","href":"https:\/\/api.w.org\/{rel}","templated":true}]}}