{"id":3,"date":"2021-07-07T08:05:46","date_gmt":"2021-07-07T08:05:46","guid":{"rendered":"https:\/\/trendig.info\/?page_id=3"},"modified":"2021-10-11T09:43:05","modified_gmt":"2021-10-11T09:43:05","slug":"privacy-policy","status":"publish","type":"page","link":"https:\/\/trendig.info\/hu\/privacy-policy\/","title":{"rendered":"Privacy policy"},"content":{"rendered":"\r\n<h2 class=\"wp-block-heading\">Tisztelt \u00dcgyfel\u00fcnk!<\/h2>\r\n<p>E t\u00e1j\u00e9koztat\u00e1s kiad\u00f3ja, egyben az Adatkezel\u0151:<\/p>\r\n<ul>\r\n<li><strong>C\u00e9gn\u00e9v:<\/strong> Pannon Novum Nyugat-dun\u00e1nt\u00fali Region\u00e1lis Innov\u00e1ci\u00f3s Nonprofit Kft.<\/li>\r\n<li><strong style=\"font-family: var(--font-family-base); font-size: 1.0378rem;\">Sz\u00e9khely:<\/strong><span style=\"color: var(--color-text); font-family: var(--font-family-base); font-size: 1.0378rem;\"> 9700, Szombathely, Berzsenyi D\u00e1niel t\u00e9r 2.<\/span><\/li>\r\n<li><strong style=\"font-family: var(--font-family-base); font-size: 1.0378rem;\">C\u00e9gjegyz\u00e9ksz\u00e1m:<\/strong><span style=\"color: var(--color-text); font-family: var(--font-family-base); font-size: 1.0378rem;\"> 18-09-107720<\/span><\/li>\r\n<li><strong style=\"font-family: var(--font-family-base); font-size: 1.0378rem;\">Ad\u00f3sz\u00e1m:<\/strong><span style=\"color: var(--color-text); font-family: var(--font-family-base); font-size: 1.0378rem;\"> 14197280-2-18<\/span><\/li>\r\n<li><strong style=\"font-family: var(--font-family-base); font-size: 1.0378rem;\">K\u00e9pvisel\u0151:<\/strong><span style=\"color: var(--color-text); font-family: var(--font-family-base); font-size: 1.0378rem;\"> Magyar D\u00e1niel \u00fcgyvezet\u0151 igazgat\u00f3<\/span><\/li>\r\n<li><strong style=\"font-family: var(--font-family-base); font-size: 1.0378rem;\">Telefonsz\u00e1m:<\/strong><span style=\"color: var(--color-text); font-family: var(--font-family-base); font-size: 1.0378rem;\"> 0036-94\/501-418<\/span><\/li>\r\n<li><strong style=\"font-family: var(--font-family-base); font-size: 1.0378rem;\">E-mail c\u00edm:<\/strong><span style=\"color: var(--color-text); font-family: var(--font-family-base); font-size: 1.0378rem;\">\u00a0 <\/span><a style=\"font-family: var(--font-family-base); font-size: 1.0378rem;\" href=\"mailto:pannonnovum@pannonovum.hu\">pannonnovum@pannonovum.hu<\/a><\/li>\r\n<li><strong style=\"font-family: var(--font-family-base); font-size: 1.0378rem;\">Honlap:<\/strong><span style=\"color: var(--color-text); font-family: var(--font-family-base); font-size: 1.0378rem;\">\u00a0 <\/span><a style=\"font-family: var(--font-family-base); font-size: 1.0378rem;\" href=\"http:\/\/www.pannonnovum.hu\">www.pannonnovum.hu<\/a><\/li>\r\n<\/ul>\r\n<p>mint \u201eTrendig &#8211; \u00daj, hat\u00e1ron \u00e1tny\u00fal\u00f3 \u00e9rt\u00e9kl\u00e1ncok ki\u00e9p\u00edt\u00e9se a digitaliz\u00e1ci\u00f3s trendek \u00e9s eszk\u00f6z\u00f6k seg\u00edts\u00e9g\u00e9vel\u201d (ATHU158) projekt partnere t\u00e1j\u00e9koztatom, hogy t\u00e1rsas\u00e1gunk a projekt<span class=\"Apple-converted-space\">\u00a0 <\/span>futamideje alatt (2021.04.01 \u2013 fenntart\u00e1si id\u0151 v\u00e9g\u00e9ig) kezel szem\u00e9lyes adatokat, \u00edgy adatkezel\u0151nek vagy adatfeldolgoz\u00f3nak min\u0151s\u00fcl\u00fcnk tev\u00e9kenys\u00e9geink sor\u00e1n, \u2013 projekt partnereinkkel egy\u00fctt &#8211; amely megfelel az Eur\u00f3pai Parlament \u00e9s a Tan\u00e1cs ( EU) 2016\/679 sz\u00e1m\u00fa rendelet\u00e9nek a (GDPR) General Data Protection Regulation-nak.<span class=\"Apple-converted-space\">\u00a0<\/span><\/p>\r\n<p>A projekt futamideje alatt<span class=\"Apple-converted-space\">\u00a0<\/span><\/p>\r\n<ul>\r\n<li>a h\u00edrlev\u00e9l feliratkoz\u00e1shoz, ahol n\u00e9v \u00e9s e-mail c\u00edm,<\/li>\r\n<li>az \u00fczenetk\u00fcld\u00e9si funkci\u00f3n\u00e1l, ahol n\u00e9v \u00e9s e-mail c\u00edm,<\/li>\r\n<li>ill. a rendezv\u00e9ny regisztr\u00e1ci\u00f3n\u00e1l, ahol szervezet, vagy term\u00e9szetes szem\u00e9ly neve \u00e9s e-mail c\u00edme szerepel, mint adat \u00e9s ezen adatokat kezelj\u00fck &#8211; projektpartnereinkkel egy\u00fctt \u2013 amelyek:<\/li>\r\n<\/ul>\r\n<ul>\r\n<li>Innovation Region Styria GmbH. (A-8041 Graz, Liebenauer Hauptstr. 2-6)<\/li>\r\n<li>Berufsf\u00f6rderungsinstitut Burgenland (A-7400 Oberwart, Grazer Stra\u00dfe 86)<\/li>\r\n<li>Weizer Energie- Innovations- Zentrum GmbH. (A-8160 Weiz, Franz-Pichler-Stra\u00dfe 30.)<\/li>\r\n<\/ul>\r\n<p>Adatkezel\u0151k\u00e9nt a rendeletben meghat\u00e1rozott, a term\u00e9szetes szem\u00e9lyeknek a szem\u00e9lyes adatok kezel\u00e9se tekintet\u00e9ben t\u00f6rt\u00e9n\u0151 v\u00e9delm\u00e9re \u00e9s az ilyen adatok szabad \u00e1raml\u00e1s\u00e1ra vonatkoz\u00f3 szigor\u00fa szab\u00e1lyokat betartjuk, az erre vonatkoz\u00f3 adatkezel\u00e9si szab\u00e1lyzatunk alapj\u00e1n, mely honlapunkon megismerhet\u0151.<\/p>\r\n<p>A projektben jelentkez\u0151 \u00fcgyf\u00e9l az adtok megad\u00e1s\u00e1val tudom\u00e1sul veszi, hogy az adatkezel\u00e9shez hozz\u00e1j\u00e1rul\u00e1s\u00e1t megadja.<span class=\"Apple-converted-space\">\u00a0<\/span><\/p>\r\n<p>Az adatokat a projektelsz\u00e1mol\u00e1sok sor\u00e1n &#8211; a finansz\u00edroz\u00f3 INTERREG V-A AT-HU programszerveinek &#8211; projektellen\u0151rz\u00e9s c\u00e9lj\u00e1b\u00f3l adjuk csak ki.<\/p>\r\n<p>Az adatokat kiz\u00e1r\u00f3lag a Trendig projekt keret\u00e9ben haszn\u00e1ljuk.<\/p>\r\n<h3><b>Cookie nyilatkozat:<\/b><\/h3>\r\n<p>Az Eur\u00f3pai Uni\u00f3ban ir\u00e1nyad\u00f3 jogi szab\u00e1lyoz\u00e1s \u00e9rtelm\u00e9ben A Pannon Novum Nonprofit Kft. felh\u00edvja figyelm\u00e9t arra, hogy a weboldalon \u00fagynevezett cookie-kat haszn\u00e1l. Weboldalunk megl\u00e1togat\u00e1sakor bizonyos inform\u00e1ci\u00f3kat elhelyezhet\u00fcnk sz\u00e1m\u00edt\u00f3g\u00e9p\u00e9n vagy mobil eszk\u00f6z\u00e9n, ezek az inform\u00e1ci\u00f3k lehet\u0151v\u00e9 teszik (a cookie beolvas\u00e1s\u00e1val) az adott felhaszn\u00e1l\u00f3 automatikus felismer\u00e9s\u00e9t a weboldal k\u00f6vetkez\u0151 megl\u00e1togat\u00e1sakor. A cookie-k k\u00fcl\u00f6nb\u00f6z\u0151 m\u00f3dokon hasznosak. P\u00e9ld\u00e1ul lehet\u0151v\u00e9 teszik a weboldal felhaszn\u00e1l\u00f3i ig\u00e9nyekhez alak\u00edt\u00e1s\u00e1t, vagy a jelsz\u00f3 elment\u00e9s\u00e9t, \u00edgy nem kell azt minden l\u00e1togat\u00e1skor \u00fajra megadnia. Ha a felugr\u00f3 ablakon a \u201eRendben\u201d gombra kattint, valamint akkor is, ha a cookie-k haszn\u00e1lat\u00e1t b\u00f6ng\u00e9sz\u0151j\u00e9ben nem tiltja le, akkor a hozz\u00e1j\u00e1rul\u00e1s\u00e1t adja a cookie-k jelen weboldalon t\u00f6rt\u00e9n\u0151 haszn\u00e1lat\u00e1hoz. Ha hozz\u00e1j\u00e1rult a cookie-k haszn\u00e1lat\u00e1hoz, a b\u00f6ng\u00e9sz\u0151 cookie-kat t\u00e1rol a sz\u00e1m\u00edt\u00f3g\u00e9p\u00e9n vagy egy\u00e9b eszk\u00f6z\u00e9n, hogy rendszer\u00fcnk felismerje be\u00e1ll\u00edt\u00e1sait. Amennyiben szeretn\u00e9 visszavonni hozz\u00e1j\u00e1rul\u00e1s\u00e1t, a b\u00f6ng\u00e9sz\u0151j\u00e9nek be\u00e1ll\u00edt\u00e1sai k\u00f6z\u00f6tt ezt b\u00e1rmikor, az \u00e9rv\u00e9nyess\u00e9gi id\u0151 lej\u00e1rta el\u0151tt megteheti.<\/p>\r\n<h3><b>Mik a cookie-k?<\/b><\/h3>\r\n<p>A cookie-k kis sz\u00f6veges adatf\u00e1jlok, amelyeket a b\u00f6ng\u00e9sz\u0151 helyez el sz\u00e1m\u00edt\u00f3g\u00e9p\u00e9n vagy eszk\u00f6z\u00e9n. A cookie-k t\u00f6bbek k\u00f6z\u00f6tt inform\u00e1ci\u00f3t gy\u0171jtenek, megjegyzik az egy\u00e9ni\u00a0be\u00e1ll\u00edt\u00e1sait, \u00e9s \u00e1ltal\u00e1noss\u00e1gban megk\u00f6nny\u00edtik a weboldal haszn\u00e1lat\u00e1t, hozz\u00e1j\u00e1rulnak a felhaszn\u00e1l\u00f3i \u00e9lm\u00e9ny fokoz\u00e1s\u00e1hoz.<\/p>\r\n<h3><b>A cookie-k t\u00edpusai<\/b><\/h3>\r\n<p>Munkamenet cookie:\u00a0ezek a cookie-k ideiglenesen aktiv\u00e1l\u00f3dnak, am\u00edg a b\u00f6ng\u00e9sz\u00e9s folyik. Att\u00f3l a pillanatt\u00f3l, amikor megnyitja a b\u00f6ng\u00e9sz\u0151 ablakot, addig a pillanatig, am\u00edg be nem z\u00e1rja azt. Amint bez\u00e1rul a b\u00f6ng\u00e9sz\u0151, minden munkamenet cookie t\u00f6rl\u0151dik. \u00c1lland\u00f3 cookie:\u00a0ezek a cookie-k az eszk\u00f6z\u00e9n maradnak a cookie-ban meghat\u00e1rozott ideig. Minden alkalommal aktiv\u00e1l\u00f3dnak, amikor megl\u00e1togatja a weboldalt.<\/p>\r\n<h3><b>A cookie-k alkalmaz\u00e1s\u00e1nak c\u00e9lja<\/b><\/h3>\r\n<p>Bizonyos cookie-k haszn\u00e1lata sz\u00fcks\u00e9ges a weboldal alapvet\u0151 funkci\u00f3inak m\u0171k\u00f6d\u00e9s\u00e9hez, illetve ahhoz, hogy kellemes felhaszn\u00e1l\u00f3i \u00e9lm\u00e9nyben legyen r\u00e9sze, amikor megl\u00e1togatja weboldalunkat. T\u00e1rsas\u00e1gunk arra is haszn\u00e1lhatja a cookie-kat, hogy emelje a ny\u00fajtott szolg\u00e1ltat\u00e1s sz\u00ednvonal\u00e1t. Ezeket a cookie-kat a weboldal fejleszt\u00e9s\u00e9re, szem\u00e9lyre szab\u00e1s\u00e1ra \u00e9s a hirdet\u00e9seinkhez haszn\u00e1ljuk. T\u00e1rsas\u00e1gunk statisztikai, elemz\u00e9si c\u00e9lokra is gy\u0171jthet adatokat. Sz\u00e1molhatjuk, h\u00e1nyan kattintanak a be\u00e9p\u00fcl\u0151 modulokra, \u00e9s a webhelyeink mely tartalmait osztj\u00e1k meg, vagy haszn\u00e1lj\u00e1k hivatkoz\u00e1sk\u00e9nt. Ezek a cookie-k lehet\u0151v\u00e9 teszik, hogy a webhelyeink tartalm\u00e1t szem\u00e9lyre szabhassuk, p\u00e9ld\u00e1ul c\u00e9lzott rekl\u00e1mok \u00e9s aj\u00e1nl\u00e1sok megjelen\u00edt\u00e9s\u00e9vel. Azt is figyelj\u00fck, hogy milyen hivatkoz\u00e1sokon kereszt\u00fcl ker\u00fclnek a felhaszn\u00e1l\u00f3k webhelyeinkre, \u00edgy felm\u00e9rhetj\u00fck prom\u00f3ci\u00f3ink hat\u00e1soss\u00e1g\u00e1t. Mindezen adatok alapj\u00e1n az \u00d6n szem\u00e9lye anonim marad, nem v\u00e1lik azonos\u00edthat\u00f3v\u00e1. Az anonim azonos\u00edt\u00f3k szem\u00e9lyes adatb\u00e1zissal \u00f6sszekapcsol\u00e1sra nem ker\u00fclnek. T\u00e1rsas\u00e1gunk kiz\u00e1r\u00f3lag a fenti c\u00e9lb\u00f3l, kiz\u00e1r\u00f3lag a cookie-ban meghat\u00e1rozott ideig, illet\u0151leg a hozz\u00e1j\u00e1rul\u00e1s visszavon\u00e1s\u00e1ig, \u00e9s kiz\u00e1r\u00f3lag a j\u00f3v\u00e1hagy\u00f3 nyilatkozattal megadott hozz\u00e1j\u00e1rul\u00e1sa alapj\u00e1n jogosult gy\u0171jteni, t\u00e1rolni \u00e9s kezelni az \u00d6n \u00e1ltal megadott adatokat. Ezen adatokat T\u00e1rsas\u00e1gunk illet\u00e9ktelen harmadik szem\u00e9ly r\u00e9sz\u00e9re hozz\u00e1f\u00e9rhet\u0151v\u00e9 nem teszi.<\/p>\r\n<h3><b>A cookie-k be\u00e1ll\u00edt\u00e1sainak v\u00e1ltoztat\u00e1sa<\/b><\/h3>\r\n<p>Minden b\u00f6ng\u00e9sz\u0151 lehet\u0151v\u00e9 teszi a cookie-k be\u00e1ll\u00edt\u00e1sainak v\u00e1ltoztat\u00e1s\u00e1t. Felh\u00edvjuk azonban a figyelm\u00e9t, hogy a cookie-k alkalmaz\u00e1s\u00e1nak megakad\u00e1lyoz\u00e1sa vagy t\u00f6rl\u00e9se eset\u00e9n el\u0151fordulhat, hogy nem lesz k\u00e9pes weboldalunk funkci\u00f3inak teljes k\u00f6r\u0171 haszn\u00e1lat\u00e1ra, illetve hogy a weboldal a tervezett\u0151l elt\u00e9r\u0151en fog m\u0171k\u00f6dni b\u00f6ng\u00e9sz\u0151j\u00e9ben. \u00c1ltal\u00e1ban a b\u00f6ng\u00e9sz\u0151k \u201eBe\u00e1ll\u00edt\u00e1sok\u201d men\u00fciben tal\u00e1lhat\u00f3k a cookie-kal kapcsolatos be\u00e1ll\u00edt\u00e1sok. Tov\u00e1bbi inform\u00e1ci\u00f3t az egyes b\u00f6ng\u00e9sz\u0151k \u201eS\u00fag\u00f3\u201d men\u00fcj\u00e9ben, illetve mobileszk\u00f6z\u00e9nek be\u00e1ll\u00edt\u00e1si men\u00fcj\u00e9ben tal\u00e1l.<\/p>\r\n<h3>\u00a0<b>Cookie megjelen\u0151 sz\u00f6veg:<\/b><\/h3>\r\n<p>A felhaszn\u00e1l\u00f3i \u00e9lm\u00e9ny fokoz\u00e1sa \u00e9s c\u00e9lzott hirdet\u00e9sek kiszolg\u00e1l\u00e1sa \u00e9rdek\u00e9ben, valamint k\u00e9nyelmi \u00e9s statisztikai c\u00e9lb\u00f3l weboldalunk adatokat (cookie) t\u00e1rol a k\u00e9sz\u00fcl\u00e9k\u00e9n. Abban az esetben, ha hozz\u00e1j\u00e1rul a s\u00fctik haszn\u00e1lat\u00e1hoz, kattintson a\u00a0Rendben\u00a0gombra.<\/p>\r\n<p>Szombathely, 2021.04.01.<\/p>\r\n<p><strong>Pannon Novum Nyugat-dun\u00e1nt\u00fali Region\u00e1lis Innov\u00e1ci\u00f3s Nonprofit Kft.<\/strong><\/p>\r\n<p><em>Magyar D\u00e1niel \u00fcgyvezet\u0151 igazgat\u00f3<\/em><\/p>\r\n<p><button class=\"js-revoke-cookie-access btn btn--primary\">S\u00fcti enged\u00e9lyek visszavon\u00e1sa<\/button><\/p>\r\n<p>&nbsp;<\/p>\r\n","protected":false},"excerpt":{"rendered":"<p>Tisztelt \u00dcgyfel\u00fcnk! E t\u00e1j\u00e9koztat\u00e1s kiad\u00f3ja, egyben az Adatkezel\u0151: C\u00e9gn\u00e9v: Pannon Novum Nyugat-dun\u00e1nt\u00fali Region\u00e1lis Innov\u00e1ci\u00f3s Nonprofit Kft. Sz\u00e9khely: 9700, Szombathely, Berzsenyi D\u00e1niel t\u00e9r 2. C\u00e9gjegyz\u00e9ksz\u00e1m: 18-09-107720 Ad\u00f3sz\u00e1m: 14197280-2-18 K\u00e9pvisel\u0151: Magyar D\u00e1niel \u00fcgyvezet\u0151 igazgat\u00f3 Telefonsz\u00e1m: 0036-94\/501-418 E-mail c\u00edm:\u00a0 pannonnovum@pannonovum.hu Honlap:\u00a0 www.pannonnovum.hu mint \u201eTrendig &#8211; \u00daj, hat\u00e1ron \u00e1tny\u00fal\u00f3 \u00e9rt\u00e9kl\u00e1ncok ki\u00e9p\u00edt\u00e9se a digitaliz\u00e1ci\u00f3s trendek \u00e9s eszk\u00f6z\u00f6k seg\u00edts\u00e9g\u00e9vel\u201d (ATHU158) projekt [&hellip;]<\/p>\n","protected":false},"author":1,"featured_media":0,"parent":0,"menu_order":0,"comment_status":"closed","ping_status":"open","template":"","meta":{"inline_featured_image":false,"footnotes":""},"class_list":["post-3","page","type-page","status-publish","hentry"],"yoast_head":"<!-- This site is optimized with the Yoast SEO plugin v23.5 - https:\/\/yoast.com\/wordpress\/plugins\/seo\/ -->\n<title>Privacy policy - Trendig<\/title>\n<meta name=\"robots\" content=\"index, follow, max-snippet:-1, max-image-preview:large, max-video-preview:-1\" \/>\n<link rel=\"canonical\" href=\"https:\/\/trendig.info\/hu\/privacy-policy\/\" \/>\n<meta property=\"og:locale\" content=\"hu_HU\" \/>\n<meta property=\"og:type\" content=\"article\" \/>\n<meta property=\"og:title\" content=\"Privacy policy - Trendig\" \/>\n<meta property=\"og:description\" content=\"Tisztelt \u00dcgyfel\u00fcnk! E t\u00e1j\u00e9koztat\u00e1s kiad\u00f3ja, egyben az Adatkezel\u0151: C\u00e9gn\u00e9v: Pannon Novum Nyugat-dun\u00e1nt\u00fali Region\u00e1lis Innov\u00e1ci\u00f3s Nonprofit Kft. Sz\u00e9khely: 9700, Szombathely, Berzsenyi D\u00e1niel t\u00e9r 2. C\u00e9gjegyz\u00e9ksz\u00e1m: 18-09-107720 Ad\u00f3sz\u00e1m: 14197280-2-18 K\u00e9pvisel\u0151: Magyar D\u00e1niel \u00fcgyvezet\u0151 igazgat\u00f3 Telefonsz\u00e1m: 0036-94\/501-418 E-mail c\u00edm:\u00a0 pannonnovum@pannonovum.hu Honlap:\u00a0 www.pannonnovum.hu mint \u201eTrendig &#8211; \u00daj, hat\u00e1ron \u00e1tny\u00fal\u00f3 \u00e9rt\u00e9kl\u00e1ncok ki\u00e9p\u00edt\u00e9se a digitaliz\u00e1ci\u00f3s trendek \u00e9s eszk\u00f6z\u00f6k seg\u00edts\u00e9g\u00e9vel\u201d (ATHU158) projekt [&hellip;]\" \/>\n<meta property=\"og:url\" content=\"https:\/\/trendig.info\/hu\/privacy-policy\/\" \/>\n<meta property=\"og:site_name\" content=\"Trendig\" \/>\n<meta property=\"article:modified_time\" content=\"2021-10-11T09:43:05+00:00\" \/>\n<meta name=\"twitter:card\" content=\"summary_large_image\" \/>\n<meta name=\"twitter:label1\" content=\"Becs\u00fclt olvas\u00e1si id\u0151\" \/>\n\t<meta name=\"twitter:data1\" content=\"4 perc\" \/>\n<script type=\"application\/ld+json\" class=\"yoast-schema-graph\">{\"@context\":\"https:\/\/schema.org\",\"@graph\":[{\"@type\":\"WebPage\",\"@id\":\"https:\/\/trendig.info\/hu\/privacy-policy\/\",\"url\":\"https:\/\/trendig.info\/hu\/privacy-policy\/\",\"name\":\"Privacy policy - Trendig\",\"isPartOf\":{\"@id\":\"https:\/\/trendig.info\/de\/#website\"},\"datePublished\":\"2021-07-07T08:05:46+00:00\",\"dateModified\":\"2021-10-11T09:43:05+00:00\",\"breadcrumb\":{\"@id\":\"https:\/\/trendig.info\/hu\/privacy-policy\/#breadcrumb\"},\"inLanguage\":\"hu\",\"potentialAction\":[{\"@type\":\"ReadAction\",\"target\":[\"https:\/\/trendig.info\/hu\/privacy-policy\/\"]}]},{\"@type\":\"BreadcrumbList\",\"@id\":\"https:\/\/trendig.info\/hu\/privacy-policy\/#breadcrumb\",\"itemListElement\":[{\"@type\":\"ListItem\",\"position\":1,\"name\":\"Kezd\u0151lap\",\"item\":\"https:\/\/trendig.info\/hu\/\"},{\"@type\":\"ListItem\",\"position\":2,\"name\":\"Privacy policy\"}]},{\"@type\":\"WebSite\",\"@id\":\"https:\/\/trendig.info\/de\/#website\",\"url\":\"https:\/\/trendig.info\/de\/\",\"name\":\"Trendig\",\"description\":\"Just another WordPress site\",\"potentialAction\":[{\"@type\":\"SearchAction\",\"target\":{\"@type\":\"EntryPoint\",\"urlTemplate\":\"https:\/\/trendig.info\/de\/?s={search_term_string}\"},\"query-input\":{\"@type\":\"PropertyValueSpecification\",\"valueRequired\":true,\"valueName\":\"search_term_string\"}}],\"inLanguage\":\"hu\"}]}<\/script>\n<!-- \/ Yoast SEO plugin. -->","yoast_head_json":{"title":"Privacy policy - Trendig","robots":{"index":"index","follow":"follow","max-snippet":"max-snippet:-1","max-image-preview":"max-image-preview:large","max-video-preview":"max-video-preview:-1"},"canonical":"https:\/\/trendig.info\/hu\/privacy-policy\/","og_locale":"hu_HU","og_type":"article","og_title":"Privacy policy - Trendig","og_description":"Tisztelt \u00dcgyfel\u00fcnk! E t\u00e1j\u00e9koztat\u00e1s kiad\u00f3ja, egyben az Adatkezel\u0151: C\u00e9gn\u00e9v: Pannon Novum Nyugat-dun\u00e1nt\u00fali Region\u00e1lis Innov\u00e1ci\u00f3s Nonprofit Kft. Sz\u00e9khely: 9700, Szombathely, Berzsenyi D\u00e1niel t\u00e9r 2. C\u00e9gjegyz\u00e9ksz\u00e1m: 18-09-107720 Ad\u00f3sz\u00e1m: 14197280-2-18 K\u00e9pvisel\u0151: Magyar D\u00e1niel \u00fcgyvezet\u0151 igazgat\u00f3 Telefonsz\u00e1m: 0036-94\/501-418 E-mail c\u00edm:\u00a0 pannonnovum@pannonovum.hu Honlap:\u00a0 www.pannonnovum.hu mint \u201eTrendig &#8211; \u00daj, hat\u00e1ron \u00e1tny\u00fal\u00f3 \u00e9rt\u00e9kl\u00e1ncok ki\u00e9p\u00edt\u00e9se a digitaliz\u00e1ci\u00f3s trendek \u00e9s eszk\u00f6z\u00f6k seg\u00edts\u00e9g\u00e9vel\u201d (ATHU158) projekt [&hellip;]","og_url":"https:\/\/trendig.info\/hu\/privacy-policy\/","og_site_name":"Trendig","article_modified_time":"2021-10-11T09:43:05+00:00","twitter_card":"summary_large_image","twitter_misc":{"Becs\u00fclt olvas\u00e1si id\u0151":"4 perc"},"schema":{"@context":"https:\/\/schema.org","@graph":[{"@type":"WebPage","@id":"https:\/\/trendig.info\/hu\/privacy-policy\/","url":"https:\/\/trendig.info\/hu\/privacy-policy\/","name":"Privacy policy - Trendig","isPartOf":{"@id":"https:\/\/trendig.info\/de\/#website"},"datePublished":"2021-07-07T08:05:46+00:00","dateModified":"2021-10-11T09:43:05+00:00","breadcrumb":{"@id":"https:\/\/trendig.info\/hu\/privacy-policy\/#breadcrumb"},"inLanguage":"hu","potentialAction":[{"@type":"ReadAction","target":["https:\/\/trendig.info\/hu\/privacy-policy\/"]}]},{"@type":"BreadcrumbList","@id":"https:\/\/trendig.info\/hu\/privacy-policy\/#breadcrumb","itemListElement":[{"@type":"ListItem","position":1,"name":"Kezd\u0151lap","item":"https:\/\/trendig.info\/hu\/"},{"@type":"ListItem","position":2,"name":"Privacy policy"}]},{"@type":"WebSite","@id":"https:\/\/trendig.info\/de\/#website","url":"https:\/\/trendig.info\/de\/","name":"Trendig","description":"Just another WordPress site","potentialAction":[{"@type":"SearchAction","target":{"@type":"EntryPoint","urlTemplate":"https:\/\/trendig.info\/de\/?s={search_term_string}"},"query-input":{"@type":"PropertyValueSpecification","valueRequired":true,"valueName":"search_term_string"}}],"inLanguage":"hu"}]}},"_links":{"self":[{"href":"https:\/\/trendig.info\/hu\/wp-json\/wp\/v2\/pages\/3","targetHints":{"allow":["GET"]}}],"collection":[{"href":"https:\/\/trendig.info\/hu\/wp-json\/wp\/v2\/pages"}],"about":[{"href":"https:\/\/trendig.info\/hu\/wp-json\/wp\/v2\/types\/page"}],"author":[{"embeddable":true,"href":"https:\/\/trendig.info\/hu\/wp-json\/wp\/v2\/users\/1"}],"replies":[{"embeddable":true,"href":"https:\/\/trendig.info\/hu\/wp-json\/wp\/v2\/comments?post=3"}],"version-history":[{"count":7,"href":"https:\/\/trendig.info\/hu\/wp-json\/wp\/v2\/pages\/3\/revisions"}],"predecessor-version":[{"id":653,"href":"https:\/\/trendig.info\/hu\/wp-json\/wp\/v2\/pages\/3\/revisions\/653"}],"wp:attachment":[{"href":"https:\/\/trendig.info\/hu\/wp-json\/wp\/v2\/media?parent=3"}],"curies":[{"name":"wp","href":"https:\/\/api.w.org\/{rel}","templated":true}]}}