{"id":3090,"date":"2022-11-04T07:43:54","date_gmt":"2022-11-04T07:43:54","guid":{"rendered":"https:\/\/trendig.info\/?page_id=3090"},"modified":"2026-01-20T15:29:14","modified_gmt":"2026-01-20T15:29:14","slug":"projekteredmenyek","status":"publish","type":"page","link":"https:\/\/trendig.info\/hu\/trendig\/projekteredmenyek\/","title":{"rendered":"Projekteredm\u00e9nyek"},"content":{"rendered":"<h2><em>TRENDIG PLUS 2024-2026<\/em><\/h2>\n<p><a href=\"https:\/\/trendig.info\/wp-content\/uploads\/2025\/10\/Analysis-final-v9_final_HU.pdf\">Hat\u00e1ron \u00e1tny\u00fal\u00f3 elemz\u00e9s a digitaliz\u00e1ci\u00f3s folyamatokr\u00f3l \u00e9s az intelligens szakosod\u00e1s szempontjair\u00f3l 2025<\/a><\/p>\n<p><a href=\"https:\/\/trendig.info\/wp-content\/uploads\/2025\/10\/Trend-Radar-2025_A3_DE-HU.pdf\">Trend Radar 2025 DE-HU pdf<\/a><\/p>\n<p><img loading=\"lazy\" decoding=\"async\" class=\"alignnone size-medium wp-image-4711\" src=\"https:\/\/trendig.info\/wp-content\/uploads\/2025\/10\/Trend-Radar-2025_A3_DE-HU-212x300.png\" alt=\"\" width=\"212\" height=\"300\" srcset=\"https:\/\/trendig.info\/wp-content\/uploads\/2025\/10\/Trend-Radar-2025_A3_DE-HU-212x300.png 212w, https:\/\/trendig.info\/wp-content\/uploads\/2025\/10\/Trend-Radar-2025_A3_DE-HU-724x1024.png 724w, https:\/\/trendig.info\/wp-content\/uploads\/2025\/10\/Trend-Radar-2025_A3_DE-HU-768x1086.png 768w, https:\/\/trendig.info\/wp-content\/uploads\/2025\/10\/Trend-Radar-2025_A3_DE-HU-1086x1536.png 1086w, https:\/\/trendig.info\/wp-content\/uploads\/2025\/10\/Trend-Radar-2025_A3_DE-HU.png 1414w\" sizes=\"auto, (max-width: 212px) 100vw, 212px\" \/><\/p>\n<p><a href=\"https:\/\/trendig.info\/wp-content\/uploads\/2025\/10\/Trend-Radar-2025_A3_EN.pdf\">Trend Radar 2025 ENG pdf<\/a><\/p>\n<p><img loading=\"lazy\" decoding=\"async\" class=\"alignnone size-medium wp-image-4715\" src=\"https:\/\/trendig.info\/wp-content\/uploads\/2025\/10\/Trend-Radar-2025_A3_EN-212x300.png\" alt=\"\" width=\"212\" height=\"300\" srcset=\"https:\/\/trendig.info\/wp-content\/uploads\/2025\/10\/Trend-Radar-2025_A3_EN-212x300.png 212w, https:\/\/trendig.info\/wp-content\/uploads\/2025\/10\/Trend-Radar-2025_A3_EN-724x1024.png 724w, https:\/\/trendig.info\/wp-content\/uploads\/2025\/10\/Trend-Radar-2025_A3_EN-768x1086.png 768w, https:\/\/trendig.info\/wp-content\/uploads\/2025\/10\/Trend-Radar-2025_A3_EN-1086x1536.png 1086w, https:\/\/trendig.info\/wp-content\/uploads\/2025\/10\/Trend-Radar-2025_A3_EN.png 1414w\" sizes=\"auto, (max-width: 212px) 100vw, 212px\" \/><\/p>\n<p><a href=\"https:\/\/trendig.info\/wp-content\/uploads\/2026\/01\/Trendig_Plus_Cselekvesi_Terv_HU.pdf\">Hat\u00e1ron \u00e1tny\u00fal\u00f3 cselekv\u00e9si terv a digit\u00e1lis \u00e1talakul\u00e1s \u00e9s az intelligens szakosod\u00e1s megval\u00f3sul\u00e1s\u00e1\u00e9rt, 2025<\/a><\/p>\n<p>&nbsp;<\/p>\n","protected":false},"excerpt":{"rendered":"<p>TRENDIG PLUS 2024-2026 Hat\u00e1ron \u00e1tny\u00fal\u00f3 elemz\u00e9s a digitaliz\u00e1ci\u00f3s folyamatokr\u00f3l \u00e9s az intelligens szakosod\u00e1s szempontjair\u00f3l 2025 Trend Radar 2025 DE-HU pdf Trend Radar 2025 ENG pdf Hat\u00e1ron \u00e1tny\u00fal\u00f3 cselekv\u00e9si terv a digit\u00e1lis \u00e1talakul\u00e1s \u00e9s az intelligens szakosod\u00e1s megval\u00f3sul\u00e1s\u00e1\u00e9rt, 2025 &nbsp;<\/p>\n","protected":false},"author":2,"featured_media":0,"parent":16,"menu_order":0,"comment_status":"closed","ping_status":"closed","template":"","meta":{"inline_featured_image":false,"footnotes":""},"class_list":["post-3090","page","type-page","status-publish","hentry"],"yoast_head":"<!-- This site is optimized with the Yoast SEO plugin v23.5 - https:\/\/yoast.com\/wordpress\/plugins\/seo\/ -->\n<title>Projekteredm\u00e9nyek - Trendig<\/title>\n<meta name=\"robots\" content=\"index, follow, max-snippet:-1, max-image-preview:large, max-video-preview:-1\" \/>\n<link rel=\"canonical\" href=\"https:\/\/trendig.info\/hu\/trendig\/projekteredmenyek\/\" \/>\n<meta property=\"og:locale\" content=\"hu_HU\" \/>\n<meta property=\"og:type\" content=\"article\" \/>\n<meta property=\"og:title\" content=\"Projekteredm\u00e9nyek - Trendig\" \/>\n<meta property=\"og:description\" content=\"TRENDIG PLUS 2024-2026 Hat\u00e1ron \u00e1tny\u00fal\u00f3 elemz\u00e9s a digitaliz\u00e1ci\u00f3s folyamatokr\u00f3l \u00e9s az intelligens szakosod\u00e1s szempontjair\u00f3l 2025 Trend Radar 2025 DE-HU pdf Trend Radar 2025 ENG pdf Hat\u00e1ron \u00e1tny\u00fal\u00f3 cselekv\u00e9si terv a digit\u00e1lis \u00e1talakul\u00e1s \u00e9s az intelligens szakosod\u00e1s megval\u00f3sul\u00e1s\u00e1\u00e9rt, 2025 &nbsp;\" \/>\n<meta property=\"og:url\" content=\"https:\/\/trendig.info\/hu\/trendig\/projekteredmenyek\/\" \/>\n<meta property=\"og:site_name\" content=\"Trendig\" \/>\n<meta property=\"article:modified_time\" content=\"2026-01-20T15:29:14+00:00\" \/>\n<meta property=\"og:image\" content=\"https:\/\/trendig.info\/wp-content\/uploads\/2025\/10\/Trend-Radar-2025_A3_DE-HU-212x300.png\" \/>\n<meta name=\"twitter:card\" content=\"summary_large_image\" \/>\n<meta name=\"twitter:label1\" content=\"Becs\u00fclt olvas\u00e1si id\u0151\" \/>\n\t<meta name=\"twitter:data1\" content=\"1 perc\" \/>\n<script type=\"application\/ld+json\" class=\"yoast-schema-graph\">{\"@context\":\"https:\/\/schema.org\",\"@graph\":[{\"@type\":\"WebPage\",\"@id\":\"https:\/\/trendig.info\/hu\/trendig\/projekteredmenyek\/\",\"url\":\"https:\/\/trendig.info\/hu\/trendig\/projekteredmenyek\/\",\"name\":\"Projekteredm\u00e9nyek - Trendig\",\"isPartOf\":{\"@id\":\"https:\/\/trendig.info\/de\/#website\"},\"primaryImageOfPage\":{\"@id\":\"https:\/\/trendig.info\/hu\/trendig\/projekteredmenyek\/#primaryimage\"},\"image\":{\"@id\":\"https:\/\/trendig.info\/hu\/trendig\/projekteredmenyek\/#primaryimage\"},\"thumbnailUrl\":\"https:\/\/trendig.info\/wp-content\/uploads\/2025\/10\/Trend-Radar-2025_A3_DE-HU-212x300.png\",\"datePublished\":\"2022-11-04T07:43:54+00:00\",\"dateModified\":\"2026-01-20T15:29:14+00:00\",\"breadcrumb\":{\"@id\":\"https:\/\/trendig.info\/hu\/trendig\/projekteredmenyek\/#breadcrumb\"},\"inLanguage\":\"hu\",\"potentialAction\":[{\"@type\":\"ReadAction\",\"target\":[\"https:\/\/trendig.info\/hu\/trendig\/projekteredmenyek\/\"]}]},{\"@type\":\"ImageObject\",\"inLanguage\":\"hu\",\"@id\":\"https:\/\/trendig.info\/hu\/trendig\/projekteredmenyek\/#primaryimage\",\"url\":\"https:\/\/trendig.info\/wp-content\/uploads\/2025\/10\/Trend-Radar-2025_A3_DE-HU-212x300.png\",\"contentUrl\":\"https:\/\/trendig.info\/wp-content\/uploads\/2025\/10\/Trend-Radar-2025_A3_DE-HU-212x300.png\"},{\"@type\":\"BreadcrumbList\",\"@id\":\"https:\/\/trendig.info\/hu\/trendig\/projekteredmenyek\/#breadcrumb\",\"itemListElement\":[{\"@type\":\"ListItem\",\"position\":1,\"name\":\"Kezd\u0151lap\",\"item\":\"https:\/\/trendig.info\/hu\/\"},{\"@type\":\"ListItem\",\"position\":2,\"name\":\"Trendig Plus\",\"item\":\"https:\/\/trendig.info\/hu\/trendig\/\"},{\"@type\":\"ListItem\",\"position\":3,\"name\":\"Projekteredm\u00e9nyek\"}]},{\"@type\":\"WebSite\",\"@id\":\"https:\/\/trendig.info\/de\/#website\",\"url\":\"https:\/\/trendig.info\/de\/\",\"name\":\"Trendig\",\"description\":\"Just another WordPress site\",\"potentialAction\":[{\"@type\":\"SearchAction\",\"target\":{\"@type\":\"EntryPoint\",\"urlTemplate\":\"https:\/\/trendig.info\/de\/?s={search_term_string}\"},\"query-input\":{\"@type\":\"PropertyValueSpecification\",\"valueRequired\":true,\"valueName\":\"search_term_string\"}}],\"inLanguage\":\"hu\"}]}<\/script>\n<!-- \/ Yoast SEO plugin. -->","yoast_head_json":{"title":"Projekteredm\u00e9nyek - Trendig","robots":{"index":"index","follow":"follow","max-snippet":"max-snippet:-1","max-image-preview":"max-image-preview:large","max-video-preview":"max-video-preview:-1"},"canonical":"https:\/\/trendig.info\/hu\/trendig\/projekteredmenyek\/","og_locale":"hu_HU","og_type":"article","og_title":"Projekteredm\u00e9nyek - Trendig","og_description":"TRENDIG PLUS 2024-2026 Hat\u00e1ron \u00e1tny\u00fal\u00f3 elemz\u00e9s a digitaliz\u00e1ci\u00f3s folyamatokr\u00f3l \u00e9s az intelligens szakosod\u00e1s szempontjair\u00f3l 2025 Trend Radar 2025 DE-HU pdf Trend Radar 2025 ENG pdf Hat\u00e1ron \u00e1tny\u00fal\u00f3 cselekv\u00e9si terv a digit\u00e1lis \u00e1talakul\u00e1s \u00e9s az intelligens szakosod\u00e1s megval\u00f3sul\u00e1s\u00e1\u00e9rt, 2025 &nbsp;","og_url":"https:\/\/trendig.info\/hu\/trendig\/projekteredmenyek\/","og_site_name":"Trendig","article_modified_time":"2026-01-20T15:29:14+00:00","og_image":[{"url":"https:\/\/trendig.info\/wp-content\/uploads\/2025\/10\/Trend-Radar-2025_A3_DE-HU-212x300.png"}],"twitter_card":"summary_large_image","twitter_misc":{"Becs\u00fclt olvas\u00e1si id\u0151":"1 perc"},"schema":{"@context":"https:\/\/schema.org","@graph":[{"@type":"WebPage","@id":"https:\/\/trendig.info\/hu\/trendig\/projekteredmenyek\/","url":"https:\/\/trendig.info\/hu\/trendig\/projekteredmenyek\/","name":"Projekteredm\u00e9nyek - Trendig","isPartOf":{"@id":"https:\/\/trendig.info\/de\/#website"},"primaryImageOfPage":{"@id":"https:\/\/trendig.info\/hu\/trendig\/projekteredmenyek\/#primaryimage"},"image":{"@id":"https:\/\/trendig.info\/hu\/trendig\/projekteredmenyek\/#primaryimage"},"thumbnailUrl":"https:\/\/trendig.info\/wp-content\/uploads\/2025\/10\/Trend-Radar-2025_A3_DE-HU-212x300.png","datePublished":"2022-11-04T07:43:54+00:00","dateModified":"2026-01-20T15:29:14+00:00","breadcrumb":{"@id":"https:\/\/trendig.info\/hu\/trendig\/projekteredmenyek\/#breadcrumb"},"inLanguage":"hu","potentialAction":[{"@type":"ReadAction","target":["https:\/\/trendig.info\/hu\/trendig\/projekteredmenyek\/"]}]},{"@type":"ImageObject","inLanguage":"hu","@id":"https:\/\/trendig.info\/hu\/trendig\/projekteredmenyek\/#primaryimage","url":"https:\/\/trendig.info\/wp-content\/uploads\/2025\/10\/Trend-Radar-2025_A3_DE-HU-212x300.png","contentUrl":"https:\/\/trendig.info\/wp-content\/uploads\/2025\/10\/Trend-Radar-2025_A3_DE-HU-212x300.png"},{"@type":"BreadcrumbList","@id":"https:\/\/trendig.info\/hu\/trendig\/projekteredmenyek\/#breadcrumb","itemListElement":[{"@type":"ListItem","position":1,"name":"Kezd\u0151lap","item":"https:\/\/trendig.info\/hu\/"},{"@type":"ListItem","position":2,"name":"Trendig Plus","item":"https:\/\/trendig.info\/hu\/trendig\/"},{"@type":"ListItem","position":3,"name":"Projekteredm\u00e9nyek"}]},{"@type":"WebSite","@id":"https:\/\/trendig.info\/de\/#website","url":"https:\/\/trendig.info\/de\/","name":"Trendig","description":"Just another WordPress site","potentialAction":[{"@type":"SearchAction","target":{"@type":"EntryPoint","urlTemplate":"https:\/\/trendig.info\/de\/?s={search_term_string}"},"query-input":{"@type":"PropertyValueSpecification","valueRequired":true,"valueName":"search_term_string"}}],"inLanguage":"hu"}]}},"_links":{"self":[{"href":"https:\/\/trendig.info\/hu\/wp-json\/wp\/v2\/pages\/3090","targetHints":{"allow":["GET"]}}],"collection":[{"href":"https:\/\/trendig.info\/hu\/wp-json\/wp\/v2\/pages"}],"about":[{"href":"https:\/\/trendig.info\/hu\/wp-json\/wp\/v2\/types\/page"}],"author":[{"embeddable":true,"href":"https:\/\/trendig.info\/hu\/wp-json\/wp\/v2\/users\/2"}],"replies":[{"embeddable":true,"href":"https:\/\/trendig.info\/hu\/wp-json\/wp\/v2\/comments?post=3090"}],"version-history":[{"count":22,"href":"https:\/\/trendig.info\/hu\/wp-json\/wp\/v2\/pages\/3090\/revisions"}],"predecessor-version":[{"id":4869,"href":"https:\/\/trendig.info\/hu\/wp-json\/wp\/v2\/pages\/3090\/revisions\/4869"}],"up":[{"embeddable":true,"href":"https:\/\/trendig.info\/hu\/wp-json\/wp\/v2\/pages\/16"}],"wp:attachment":[{"href":"https:\/\/trendig.info\/hu\/wp-json\/wp\/v2\/media?parent=3090"}],"curies":[{"name":"wp","href":"https:\/\/api.w.org\/{rel}","templated":true}]}}