{"id":4487,"date":"2025-09-02T08:01:56","date_gmt":"2025-09-02T08:01:56","guid":{"rendered":"https:\/\/trendig.info\/?page_id=4487"},"modified":"2025-09-02T08:01:56","modified_gmt":"2025-09-02T08:01:56","slug":"projekteredmenyek-2021-2022","status":"publish","type":"page","link":"https:\/\/trendig.info\/hu\/projekteredmenyek-2021-2022\/","title":{"rendered":"Projekteredm\u00e9nyek | 2021-2022"},"content":{"rendered":"<h2><em>TRENDIG 2021-2022<\/em><\/h2>\n<h2><strong>Digit\u00e1lis \u00e1talakul\u00e1s az \u00d6n \u00fczleti siker\u00e9\u00e9rt<\/strong><\/h2>\n<h3><strong>R\u00f6vid v\u00edrusvide\u00f3k:<\/strong><\/h3>\n<p><a href=\"https:\/\/youtu.be\/p0gr5-31rMk\">Trendig_Video01<\/a><\/p>\n<p><a href=\"https:\/\/youtu.be\/lbDRleXBQEI\">Trendig_Video02<\/a><\/p>\n<p><a href=\"https:\/\/youtu.be\/5p4cAKWgHh8\">Trendig_Video03<\/a><\/p>\n<p><a href=\"https:\/\/youtu.be\/facKpr8Tstw\">Trendig_Video04<\/a><\/p>\n<p><a href=\"https:\/\/youtu.be\/5lHTPUSk9BE\">Trendig_Video05<\/a><\/p>\n<p><a href=\"https:\/\/youtu.be\/xZJD3fq5J9k\">Trendig_Video06<\/a><\/p>\n<p><a href=\"https:\/\/youtu.be\/wOi5XPcxAzg\">Trendig_Video07<\/a><\/p>\n<p><a href=\"https:\/\/youtu.be\/WoiDkqrztgo\">Trendig_Video08<\/a><\/p>\n<h3><strong>Youtube-vide\u00f3k:<\/strong><\/h3>\n<p><a href=\"https:\/\/youtu.be\/ygpoN78zgEA\">How to increase efficiency related to digitalization in your business<\/a><\/p>\n<p><a href=\"https:\/\/youtu.be\/lx1CTRRLSM8\">How do digithons help to develop your business?<\/a><\/p>\n<p><a href=\"https:\/\/youtu.be\/uNSgWCOv-1Y\">How the Trendig project helps?<\/a><\/p>\n<p>&nbsp;<\/p>\n<h2>Projekteredm\u00e9nyek<\/h2>\n<p><a href=\"https:\/\/trendig.info\/wp-content\/uploads\/2023\/02\/1_TRENDIG-Newsletter-1.pdf\">1_TRENDIG Newsletter 1<\/a><\/p>\n<p><a href=\"https:\/\/trendig.info\/wp-content\/uploads\/2023\/02\/2_TRENDIG-Newsletter-2.pdf\">2_TRENDIG Newsletter 2<\/a><\/p>\n<p><a href=\"https:\/\/trendig.info\/wp-content\/uploads\/2023\/02\/3_TRENDIG-Newsletter-3.pdf\">3_TRENDIG Newsletter 3<\/a><\/p>\n<p><a href=\"https:\/\/trendig.info\/wp-content\/uploads\/2023\/02\/4_TRENDIG-Newsletter-4.pdf\">4_TRENDIG Newsletter 4<\/a><\/p>\n<p><a href=\"https:\/\/trendig.info\/wp-content\/uploads\/2023\/02\/5_TRENDIG-Newsletter-5.pdf\">5_TRENDIG Newsletter 5<\/a><\/p>\n<p><a href=\"https:\/\/trendig.info\/wp-content\/uploads\/2023\/02\/6_OT2.1-_Summary-HU_LP_Logos.pdf\">6_OT2.1 _Summary HU_LP_Logos<\/a><\/p>\n<p><a href=\"https:\/\/trendig.info\/wp-content\/uploads\/2023\/02\/7_T2-Kerdeskatalogus-vallalkozasoknak.pdf\">7_T2 K\u00e9rd\u00e9skatal\u00f3gus v\u00e1llalkoz\u00e1soknak<\/a><\/p>\n<p><a href=\"https:\/\/trendig.info\/wp-content\/uploads\/2023\/02\/8_TrendRadar-Handlungsfelder-HU_hyperlinkes.pdf\">8_TrendRadar Handlungsfelder HU_hyperlinkes<\/a><\/p>\n<p>9. <a href=\"https:\/\/trendig.info\/wp-content\/uploads\/2023\/05\/OT2.1-1.-resz-h.a.-tudasatadas-modellje_HU.pdf\">OT2.1 1. r\u00e9sz h.\u00e1. tud\u00e1s\u00e1tad\u00e1s modellje_HU<\/a><\/p>\n<p><a href=\"https:\/\/trendig.info\/wp-content\/uploads\/2023\/02\/10_2.resz_1_Regionalis-workshopok-formatuma.pdf\">10_2.r\u00e9sz_1_Region\u00e1lis workshopok form\u00e1tuma<\/a><\/p>\n<p><a href=\"https:\/\/trendig.info\/wp-content\/uploads\/2023\/02\/11_2.resz_2_h.a.rendezvenyek.pdf\">11_2.r\u00e9sz_2_h.\u00e1.rendezv\u00e9nyek<\/a><\/p>\n<p><a href=\"https:\/\/trendig.info\/wp-content\/uploads\/2023\/02\/12_2.resz_3_h.a.-Digithon.pdf\">12_2.r\u00e9sz_3_h.\u00e1. Digithon<\/a><\/p>\n<p><a href=\"https:\/\/trendig.info\/wp-content\/uploads\/2023\/02\/13_2.resz_4_Webinare_Blended-Learning-HU.pdf\">13_2.r\u00e9sz_4_Webinare_Blended Learning HU<\/a><\/p>\n<p>14<a href=\"https:\/\/trendig.info\/wp-content\/uploads\/2023\/05\/T2.1.1_ATHU158_Trendig_CB-Analyse-Digitalisierungsstatus_SWOT_HUDE_final_2.pdf\">_T2.1.1_ATHU158_Trendig_CB Analyse Digitalisierungsstatus_SWOT_HUDE_final_2<\/a><\/p>\n<p>&nbsp;<\/p>\n<h2>J\u00f3 gyakorlatok<\/h2>\n<p class=\"x_MsoNormal\"><a href=\"https:\/\/www.youtube.com\/watch?v=1ug9-eh6Z3c\"><span lang=\"EN-GB\">Roland Fink, niceshops<\/span><\/a><\/p>\n<p class=\"x_MsoNormal\"><span lang=\"EN-GB\"><a href=\"https:\/\/www.youtube.com\/watch?v=K0M3QZ3GvUo&amp;t=317s\">Christian Gumpold, Innolab<\/a><br \/>\n<\/span><\/p>\n<p><a href=\"https:\/\/amp.webmark.hu\/\">Webmark Europe Kft.<\/a><\/p>\n<p><a href=\"https:\/\/ecoform.hu\/\">Ecoform Systems Kft.<\/a><\/p>\n<h2>Webin\u00e1riumok<\/h2>\n<p class=\"style-scope ytd-watch-metadata\"><a href=\"https:\/\/www.youtube.com\/watch?v=G846IZcw4DM\">Digitaliz\u00e1ci\u00f3 &#8211; Mit? Hogyan? Mi\u00e9rt?<\/a><\/p>\n<p class=\"style-scope ytd-watch-metadata\"><a href=\"https:\/\/www.youtube.com\/watch?v=OWClBGNOv4I\">Digitaliz\u00e1ci\u00f3 &#8211; Mit? Hogyan? Mi\u00e9rt? &#8211;\u00a0N\u00e9h\u00e1ny digit\u00e1lis eszk\u00f6z 2. r\u00e9sz<\/a><\/p>\n","protected":false},"excerpt":{"rendered":"<p>TRENDIG 2021-2022 Digit\u00e1lis \u00e1talakul\u00e1s az \u00d6n \u00fczleti siker\u00e9\u00e9rt R\u00f6vid v\u00edrusvide\u00f3k: Trendig_Video01 Trendig_Video02 Trendig_Video03 Trendig_Video04 Trendig_Video05 Trendig_Video06 Trendig_Video07 Trendig_Video08 Youtube-vide\u00f3k: How to increase efficiency related to digitalization in your business How do digithons help to develop your business? How the Trendig project helps? &nbsp; Projekteredm\u00e9nyek 1_TRENDIG Newsletter 1 2_TRENDIG Newsletter 2 3_TRENDIG Newsletter 3 4_TRENDIG Newsletter [&hellip;]<\/p>\n","protected":false},"author":1,"featured_media":0,"parent":0,"menu_order":0,"comment_status":"closed","ping_status":"closed","template":"","meta":{"inline_featured_image":false,"footnotes":""},"class_list":["post-4487","page","type-page","status-publish","hentry"],"yoast_head":"<!-- This site is optimized with the Yoast SEO plugin v23.5 - https:\/\/yoast.com\/wordpress\/plugins\/seo\/ -->\n<title>Projekteredm\u00e9nyek | 2021-2022 - Trendig<\/title>\n<meta name=\"robots\" content=\"index, follow, max-snippet:-1, max-image-preview:large, max-video-preview:-1\" \/>\n<link rel=\"canonical\" href=\"https:\/\/trendig.info\/hu\/projekteredmenyek-2021-2022\/\" \/>\n<meta property=\"og:locale\" content=\"hu_HU\" \/>\n<meta property=\"og:type\" content=\"article\" \/>\n<meta property=\"og:title\" content=\"Projekteredm\u00e9nyek | 2021-2022 - Trendig\" \/>\n<meta property=\"og:description\" content=\"TRENDIG 2021-2022 Digit\u00e1lis \u00e1talakul\u00e1s az \u00d6n \u00fczleti siker\u00e9\u00e9rt R\u00f6vid v\u00edrusvide\u00f3k: Trendig_Video01 Trendig_Video02 Trendig_Video03 Trendig_Video04 Trendig_Video05 Trendig_Video06 Trendig_Video07 Trendig_Video08 Youtube-vide\u00f3k: How to increase efficiency related to digitalization in your business How do digithons help to develop your business? How the Trendig project helps? &nbsp; Projekteredm\u00e9nyek 1_TRENDIG Newsletter 1 2_TRENDIG Newsletter 2 3_TRENDIG Newsletter 3 4_TRENDIG Newsletter [&hellip;]\" \/>\n<meta property=\"og:url\" content=\"https:\/\/trendig.info\/hu\/projekteredmenyek-2021-2022\/\" \/>\n<meta property=\"og:site_name\" content=\"Trendig\" \/>\n<meta name=\"twitter:card\" content=\"summary_large_image\" \/>\n<meta name=\"twitter:label1\" content=\"Becs\u00fclt olvas\u00e1si id\u0151\" \/>\n\t<meta name=\"twitter:data1\" content=\"1 perc\" \/>\n<script type=\"application\/ld+json\" class=\"yoast-schema-graph\">{\"@context\":\"https:\/\/schema.org\",\"@graph\":[{\"@type\":\"WebPage\",\"@id\":\"https:\/\/trendig.info\/hu\/projekteredmenyek-2021-2022\/\",\"url\":\"https:\/\/trendig.info\/hu\/projekteredmenyek-2021-2022\/\",\"name\":\"Projekteredm\u00e9nyek | 2021-2022 - Trendig\",\"isPartOf\":{\"@id\":\"https:\/\/trendig.info\/de\/#website\"},\"datePublished\":\"2025-09-02T08:01:56+00:00\",\"dateModified\":\"2025-09-02T08:01:56+00:00\",\"breadcrumb\":{\"@id\":\"https:\/\/trendig.info\/hu\/projekteredmenyek-2021-2022\/#breadcrumb\"},\"inLanguage\":\"hu\",\"potentialAction\":[{\"@type\":\"ReadAction\",\"target\":[\"https:\/\/trendig.info\/hu\/projekteredmenyek-2021-2022\/\"]}]},{\"@type\":\"BreadcrumbList\",\"@id\":\"https:\/\/trendig.info\/hu\/projekteredmenyek-2021-2022\/#breadcrumb\",\"itemListElement\":[{\"@type\":\"ListItem\",\"position\":1,\"name\":\"Kezd\u0151lap\",\"item\":\"https:\/\/trendig.info\/hu\/\"},{\"@type\":\"ListItem\",\"position\":2,\"name\":\"Projekteredm\u00e9nyek | 2021-2022\"}]},{\"@type\":\"WebSite\",\"@id\":\"https:\/\/trendig.info\/de\/#website\",\"url\":\"https:\/\/trendig.info\/de\/\",\"name\":\"Trendig\",\"description\":\"Just another WordPress site\",\"potentialAction\":[{\"@type\":\"SearchAction\",\"target\":{\"@type\":\"EntryPoint\",\"urlTemplate\":\"https:\/\/trendig.info\/de\/?s={search_term_string}\"},\"query-input\":{\"@type\":\"PropertyValueSpecification\",\"valueRequired\":true,\"valueName\":\"search_term_string\"}}],\"inLanguage\":\"hu\"}]}<\/script>\n<!-- \/ Yoast SEO plugin. -->","yoast_head_json":{"title":"Projekteredm\u00e9nyek | 2021-2022 - Trendig","robots":{"index":"index","follow":"follow","max-snippet":"max-snippet:-1","max-image-preview":"max-image-preview:large","max-video-preview":"max-video-preview:-1"},"canonical":"https:\/\/trendig.info\/hu\/projekteredmenyek-2021-2022\/","og_locale":"hu_HU","og_type":"article","og_title":"Projekteredm\u00e9nyek | 2021-2022 - Trendig","og_description":"TRENDIG 2021-2022 Digit\u00e1lis \u00e1talakul\u00e1s az \u00d6n \u00fczleti siker\u00e9\u00e9rt R\u00f6vid v\u00edrusvide\u00f3k: Trendig_Video01 Trendig_Video02 Trendig_Video03 Trendig_Video04 Trendig_Video05 Trendig_Video06 Trendig_Video07 Trendig_Video08 Youtube-vide\u00f3k: How to increase efficiency related to digitalization in your business How do digithons help to develop your business? How the Trendig project helps? &nbsp; Projekteredm\u00e9nyek 1_TRENDIG Newsletter 1 2_TRENDIG Newsletter 2 3_TRENDIG Newsletter 3 4_TRENDIG Newsletter [&hellip;]","og_url":"https:\/\/trendig.info\/hu\/projekteredmenyek-2021-2022\/","og_site_name":"Trendig","twitter_card":"summary_large_image","twitter_misc":{"Becs\u00fclt olvas\u00e1si id\u0151":"1 perc"},"schema":{"@context":"https:\/\/schema.org","@graph":[{"@type":"WebPage","@id":"https:\/\/trendig.info\/hu\/projekteredmenyek-2021-2022\/","url":"https:\/\/trendig.info\/hu\/projekteredmenyek-2021-2022\/","name":"Projekteredm\u00e9nyek | 2021-2022 - Trendig","isPartOf":{"@id":"https:\/\/trendig.info\/de\/#website"},"datePublished":"2025-09-02T08:01:56+00:00","dateModified":"2025-09-02T08:01:56+00:00","breadcrumb":{"@id":"https:\/\/trendig.info\/hu\/projekteredmenyek-2021-2022\/#breadcrumb"},"inLanguage":"hu","potentialAction":[{"@type":"ReadAction","target":["https:\/\/trendig.info\/hu\/projekteredmenyek-2021-2022\/"]}]},{"@type":"BreadcrumbList","@id":"https:\/\/trendig.info\/hu\/projekteredmenyek-2021-2022\/#breadcrumb","itemListElement":[{"@type":"ListItem","position":1,"name":"Kezd\u0151lap","item":"https:\/\/trendig.info\/hu\/"},{"@type":"ListItem","position":2,"name":"Projekteredm\u00e9nyek | 2021-2022"}]},{"@type":"WebSite","@id":"https:\/\/trendig.info\/de\/#website","url":"https:\/\/trendig.info\/de\/","name":"Trendig","description":"Just another WordPress site","potentialAction":[{"@type":"SearchAction","target":{"@type":"EntryPoint","urlTemplate":"https:\/\/trendig.info\/de\/?s={search_term_string}"},"query-input":{"@type":"PropertyValueSpecification","valueRequired":true,"valueName":"search_term_string"}}],"inLanguage":"hu"}]}},"_links":{"self":[{"href":"https:\/\/trendig.info\/hu\/wp-json\/wp\/v2\/pages\/4487","targetHints":{"allow":["GET"]}}],"collection":[{"href":"https:\/\/trendig.info\/hu\/wp-json\/wp\/v2\/pages"}],"about":[{"href":"https:\/\/trendig.info\/hu\/wp-json\/wp\/v2\/types\/page"}],"author":[{"embeddable":true,"href":"https:\/\/trendig.info\/hu\/wp-json\/wp\/v2\/users\/1"}],"replies":[{"embeddable":true,"href":"https:\/\/trendig.info\/hu\/wp-json\/wp\/v2\/comments?post=4487"}],"version-history":[{"count":1,"href":"https:\/\/trendig.info\/hu\/wp-json\/wp\/v2\/pages\/4487\/revisions"}],"predecessor-version":[{"id":4488,"href":"https:\/\/trendig.info\/hu\/wp-json\/wp\/v2\/pages\/4487\/revisions\/4488"}],"wp:attachment":[{"href":"https:\/\/trendig.info\/hu\/wp-json\/wp\/v2\/media?parent=4487"}],"curies":[{"name":"wp","href":"https:\/\/api.w.org\/{rel}","templated":true}]}}